{"id":3785,"date":"2025-03-24T10:00:33","date_gmt":"2025-03-24T09:00:33","guid":{"rendered":"https:\/\/livbyneher.betacenter.net\/?post_type=product&#038;p=3785"},"modified":"2026-04-08T18:01:30","modified_gmt":"2026-04-08T16:01:30","slug":"kerze-aus-bienenwachs","status":"publish","type":"product","link":"https:\/\/livbyneher.betacenter.net\/en\/produkt\/kerze-aus-bienenwachs\/","title":{"rendered":"Kerze aus Bienenwachs"},"content":{"rendered":"[vc_row type=&#8221;in_container&#8221; full_screen_row_position=&#8221;middle&#8221; column_margin=&#8221;none&#8221; equal_height=&#8221;yes&#8221; column_direction=&#8221;default&#8221; column_direction_tablet=&#8221;default&#8221; column_direction_phone=&#8221;default&#8221; scene_position=&#8221;center&#8221; text_color=&#8221;dark&#8221; text_align=&#8221;left&#8221; row_border_radius=&#8221;none&#8221; row_border_radius_applies=&#8221;bg&#8221; overflow=&#8221;visible&#8221; overlay_strength=&#8221;0.3&#8243; gradient_direction=&#8221;left_to_right&#8221; shape_divider_position=&#8221;bottom&#8221; bg_image_animation=&#8221;none&#8221; gradient_type=&#8221;default&#8221; shape_type=&#8221;&#8221;][vc_column right_padding_desktop=&#8221;5%&#8221; column_element_direction_desktop=&#8221;default&#8221; column_element_spacing=&#8221;default&#8221; desktop_text_alignment=&#8221;default&#8221; tablet_text_alignment=&#8221;default&#8221; phone_text_alignment=&#8221;default&#8221; background_color_opacity=&#8221;1&#8243; background_hover_color_opacity=&#8221;1&#8243; background_image=&#8221;3896&#8243; background_image_position=&#8221;center center&#8221; background_image_stacking=&#8221;default&#8221; enable_bg_scale=&#8221;true&#8221; background_image_loading=&#8221;default&#8221; column_backdrop_filter=&#8221;none&#8221; column_shadow=&#8221;none&#8221; column_border_radius=&#8221;none&#8221; column_link_target=&#8221;_self&#8221; column_position=&#8221;default&#8221; gradient_direction=&#8221;left_to_right&#8221; overlay_strength=&#8221;0.3&#8243; width=&#8221;3\/5&#8243; tablet_width_inherit=&#8221;default&#8221; animation_type=&#8221;default&#8221; bg_image_animation=&#8221;none&#8221; border_type=&#8221;simple&#8221; column_border_width=&#8221;none&#8221; column_border_style=&#8221;solid&#8221; column_padding_type=&#8221;advanced&#8221; gradient_type=&#8221;default&#8221; offset=&#8221;vc_hidden-sm vc_hidden-xs&#8221;][divider line_type=&#8221;No Line&#8221; custom_height=&#8221;800&#8243;][\/vc_column][vc_column left_padding_desktop=&#8221;12%&#8221; constrain_group_101=&#8221;yes&#8221; right_padding_desktop=&#8221;12%&#8221; left_padding_tablet=&#8221;5%&#8221; constrain_group_103=&#8221;yes&#8221; right_padding_tablet=&#8221;5%&#8221; column_element_direction_desktop=&#8221;default&#8221; column_element_spacing=&#8221;default&#8221; desktop_text_alignment=&#8221;default&#8221; tablet_text_alignment=&#8221;default&#8221; phone_text_alignment=&#8221;default&#8221; background_color_opacity=&#8221;1&#8243; background_hover_color_opacity=&#8221;1&#8243; column_backdrop_filter=&#8221;none&#8221; column_shadow=&#8221;none&#8221; column_border_radius=&#8221;none&#8221; column_link_target=&#8221;_self&#8221; column_position=&#8221;default&#8221; gradient_direction=&#8221;left_to_right&#8221; overlay_strength=&#8221;0.3&#8243; width=&#8221;2\/5&#8243; tablet_width_inherit=&#8221;default&#8221; animation_type=&#8221;default&#8221; bg_image_animation=&#8221;none&#8221; border_type=&#8221;simple&#8221; column_border_width=&#8221;none&#8221; column_border_style=&#8221;solid&#8221; column_padding_type=&#8221;advanced&#8221; gradient_type=&#8221;default&#8221;][vc_column_text text_direction=&#8221;default&#8221;]<strong>Material<\/strong><br \/>\n100% Bienenwachs<\/p>\n<p><strong>Ma\u00dfe klein<\/strong><br \/>\nDurchmesser ca. 4 cm H\u00f6he ca. 10 cm<\/p>\n<p><strong>Ma\u00dfe gro\u00df<\/strong><br \/>\nDurchmesser ca. 6 cm H\u00f6he ca. 15 cm[\/vc_column_text][toggles style=&#8221;minimal&#8221; accordion=&#8221;true&#8221; accordion_starting_functionality=&#8221;closed&#8221;][toggle color=&#8221;Default&#8221; heading_tag=&#8221;default&#8221; heading_tag_functionality=&#8221;default&#8221; title=&#8221;Die Vorteile der Bienenwachskerzen&#8221;][vc_column_text text_direction=&#8221;default&#8221;]Nat\u00fcrliche Bienenwachskerzen bieten viele Vorteile: Sie brennen l\u00e4nger und sauberer als herk\u00f6mmliche Kerzen, da sie keine k\u00fcnstlichen Zusatzstoffe enthalten. Ihr sanft warmer Honigduft schafft eine gem\u00fctliche Atmosph\u00e4re, und das goldene Licht der Flamme sorgt f\u00fcr besondere Wohlf\u00fchlmomente. Bienenwachskerzen sind au\u00dferdem umweltfreundlich und biologisch abbaubar \u2013 ideal f\u00fcr alle, die auf Nat\u00fcrlichkeit und Nachhaltigkeit Wert legen.[\/vc_column_text][vc_column_text][\/vc_column_text][\/toggle][toggle color=&#8221;Default&#8221; heading_tag=&#8221;default&#8221; heading_tag_functionality=&#8221;default&#8221; title=&#8221;So werden unsere Kerzen hergestellt&#8221;][vc_column_text text_direction=&#8221;default&#8221;]Unsere handgefertigten Bienenwachskerzen entstehen aus erlesenem Material und sorgf\u00e4ltiger Handarbeit. Das Bienenwachs wird behutsam gepr\u00fcft und veredelt, bevor es in Str\u00e4nge gepresst, geknetet und glatt gerollt wird. So entsteht ganz unter der Hand die einzigartige Maserung jeder Kerze. Mit einem hochwertigen Docht versehen, wird jede Kerze schlie\u00dflich verpackt und bereitgestellt, um dein Zuhause mit warmem Licht und nat\u00fcrlichem Duft zu erleuchten.[\/vc_column_text][vc_column_text][\/vc_column_text][\/toggle][\/toggles][\/vc_column][\/vc_row]\n","protected":false},"excerpt":{"rendered":"<p>Unsere Blockkerzen aus 100 % reinem Bienenwachs sorgen f\u00fcr eine warme und einladende Atmosph\u00e4re in deinem Zuhause. Sie werden mit viel Liebe zum Detail in einer inklusiven Werkstatt in Deutschland handgefertigt. Erh\u00e4ltlich in zwei Gr\u00f6\u00dfen, lassen sie sich wunderbar miteinander kombinieren \u2013 sei es als stilvolles Highlight auf einem festlich gedeckten Tisch oder f\u00fcr gem\u00fctliche Stunden. Diese hochwertigen Kerzen schaffen eine besondere Wohlf\u00fchlstimmung und unterst\u00fctzen gleichzeitig einen guten Zweck.<\/p>\n<p>Entdecke auch unsere handbemalte <a href=\"https:\/\/livbyneher.betacenter.net\/produkt\/kerzenschale-fuer-blockkerzen\/\">Keramikschalen<\/a>, die sich perfekt als Kerzenhalter f\u00fcr die Blockkerzen eignen.<\/p>\n<p>Aus Sicherheitsgr\u00fcnden die Kerzen bitte in keine brennbaren Halter stecken und nie unbeaufsichtigt brennen lassen!<\/p>\n","protected":false},"featured_media":3868,"comment_status":"open","ping_status":"closed","template":"","meta":[],"product_brand":[],"product_cat":[95,104],"product_tag":[],"class_list":{"0":"post-3785","1":"product","2":"type-product","3":"status-publish","4":"has-post-thumbnail","6":"product_cat-bienenwachskerzen-kerzenhalter","7":"product_cat-kerzen","9":"first","10":"instock","11":"taxable","12":"shipping-taxable","13":"purchasable","14":"product-type-variable","15":"has-default-attributes"},"yoast_head":"<!-- This site is optimized with the Yoast SEO plugin v27.5 - https:\/\/yoast.com\/product\/yoast-seo-wordpress\/ -->\n<title>Kerze aus Bienenwachs - LIV by Neher<\/title>\n<meta name=\"description\" content=\"Nat\u00fcrliche Bienenwachskerzen aus 100% reinem Bienenwachs in edlem Elfenbein. Nachhaltig, sauber abbrennend und mit einem warmen, angenehmen Duft.\" \/>\n<meta name=\"robots\" content=\"index, follow, max-snippet:-1, max-image-preview:large, max-video-preview:-1\" \/>\n<link rel=\"canonical\" href=\"https:\/\/livbyneher.betacenter.net\/en\/produkt\/kerze-aus-bienenwachs\/\" \/>\n<meta property=\"og:locale\" content=\"en_US\" \/>\n<meta property=\"og:type\" content=\"article\" \/>\n<meta property=\"og:title\" content=\"Kerze aus Bienenwachs - LIV by Neher\" \/>\n<meta property=\"og:description\" content=\"Nat\u00fcrliche Bienenwachskerzen aus 100% reinem Bienenwachs in edlem Elfenbein. Nachhaltig, sauber abbrennend und mit einem warmen, angenehmen Duft.\" \/>\n<meta property=\"og:url\" content=\"https:\/\/livbyneher.betacenter.net\/en\/produkt\/kerze-aus-bienenwachs\/\" \/>\n<meta property=\"og:site_name\" content=\"LIV by Neher\" \/>\n<meta property=\"article:modified_time\" content=\"2026-04-08T16:01:30+00:00\" \/>\n<meta property=\"og:image\" content=\"https:\/\/livbyneher.betacenter.net\/wp-content\/uploads\/2025\/03\/Liv_Vase_Kerze1.jpg\" \/>\n\t<meta property=\"og:image:width\" content=\"1020\" \/>\n\t<meta property=\"og:image:height\" content=\"1020\" \/>\n\t<meta property=\"og:image:type\" content=\"image\/jpeg\" \/>\n<meta name=\"twitter:card\" content=\"summary_large_image\" \/>\n<meta name=\"twitter:label1\" content=\"Est. reading time\" \/>\n\t<meta name=\"twitter:data1\" content=\"2 minutes\" \/>\n<script type=\"application\/ld+json\" class=\"yoast-schema-graph\">{\"@context\":\"https:\\\/\\\/schema.org\",\"@graph\":[{\"@type\":\"WebPage\",\"@id\":\"https:\\\/\\\/livbyneher.betacenter.net\\\/en\\\/produkt\\\/kerze-aus-bienenwachs\\\/\",\"url\":\"https:\\\/\\\/livbyneher.betacenter.net\\\/en\\\/produkt\\\/kerze-aus-bienenwachs\\\/\",\"name\":\"Kerze aus Bienenwachs - LIV by Neher\",\"isPartOf\":{\"@id\":\"https:\\\/\\\/livbyneher.betacenter.net\\\/en\\\/#website\"},\"primaryImageOfPage\":{\"@id\":\"https:\\\/\\\/livbyneher.betacenter.net\\\/en\\\/produkt\\\/kerze-aus-bienenwachs\\\/#primaryimage\"},\"image\":{\"@id\":\"https:\\\/\\\/livbyneher.betacenter.net\\\/en\\\/produkt\\\/kerze-aus-bienenwachs\\\/#primaryimage\"},\"thumbnailUrl\":\"https:\\\/\\\/livbyneher.betacenter.net\\\/wp-content\\\/uploads\\\/2025\\\/03\\\/Liv_Vase_Kerze1.jpg\",\"datePublished\":\"2025-03-24T09:00:33+00:00\",\"dateModified\":\"2026-04-08T16:01:30+00:00\",\"description\":\"Nat\u00fcrliche Bienenwachskerzen aus 100% reinem Bienenwachs in edlem Elfenbein. Nachhaltig, sauber abbrennend und mit einem warmen, angenehmen Duft.\",\"breadcrumb\":{\"@id\":\"https:\\\/\\\/livbyneher.betacenter.net\\\/en\\\/produkt\\\/kerze-aus-bienenwachs\\\/#breadcrumb\"},\"inLanguage\":\"en-US\",\"potentialAction\":[{\"@type\":\"ReadAction\",\"target\":[\"https:\\\/\\\/livbyneher.betacenter.net\\\/en\\\/produkt\\\/kerze-aus-bienenwachs\\\/\"]}]},{\"@type\":\"ImageObject\",\"inLanguage\":\"en-US\",\"@id\":\"https:\\\/\\\/livbyneher.betacenter.net\\\/en\\\/produkt\\\/kerze-aus-bienenwachs\\\/#primaryimage\",\"url\":\"https:\\\/\\\/livbyneher.betacenter.net\\\/wp-content\\\/uploads\\\/2025\\\/03\\\/Liv_Vase_Kerze1.jpg\",\"contentUrl\":\"https:\\\/\\\/livbyneher.betacenter.net\\\/wp-content\\\/uploads\\\/2025\\\/03\\\/Liv_Vase_Kerze1.jpg\",\"width\":1020,\"height\":1020,\"caption\":\"Blockkerze aus reinem Bienenwachs in der Farbe elfenbein\"},{\"@type\":\"BreadcrumbList\",\"@id\":\"https:\\\/\\\/livbyneher.betacenter.net\\\/en\\\/produkt\\\/kerze-aus-bienenwachs\\\/#breadcrumb\",\"itemListElement\":[{\"@type\":\"ListItem\",\"position\":1,\"name\":\"Startseite\",\"item\":\"https:\\\/\\\/livbyneher.betacenter.net\\\/en\\\/home-page-2\\\/\"},{\"@type\":\"ListItem\",\"position\":2,\"name\":\"Shop\",\"item\":\"https:\\\/\\\/livbyneher.betacenter.net\\\/en\\\/shop\\\/\"},{\"@type\":\"ListItem\",\"position\":3,\"name\":\"Kerze aus Bienenwachs\"}]},{\"@type\":\"WebSite\",\"@id\":\"https:\\\/\\\/livbyneher.betacenter.net\\\/en\\\/#website\",\"url\":\"https:\\\/\\\/livbyneher.betacenter.net\\\/en\\\/\",\"name\":\"LIV by Neher\",\"description\":\"Your insect savior. Gentle on insects. Practical for you.\",\"publisher\":{\"@id\":\"https:\\\/\\\/livbyneher.betacenter.net\\\/en\\\/#organization\"},\"potentialAction\":[{\"@type\":\"SearchAction\",\"target\":{\"@type\":\"EntryPoint\",\"urlTemplate\":\"https:\\\/\\\/livbyneher.betacenter.net\\\/en\\\/?s={search_term_string}\"},\"query-input\":{\"@type\":\"PropertyValueSpecification\",\"valueRequired\":true,\"valueName\":\"search_term_string\"}}],\"inLanguage\":\"en-US\"},{\"@type\":\"Organization\",\"@id\":\"https:\\\/\\\/livbyneher.betacenter.net\\\/en\\\/#organization\",\"name\":\"LIV by Neher\",\"url\":\"https:\\\/\\\/livbyneher.betacenter.net\\\/en\\\/\",\"logo\":{\"@type\":\"ImageObject\",\"inLanguage\":\"en-US\",\"@id\":\"https:\\\/\\\/livbyneher.betacenter.net\\\/en\\\/#\\\/schema\\\/logo\\\/image\\\/\",\"url\":\"https:\\\/\\\/livbyneher.betacenter.net\\\/wp-content\\\/uploads\\\/2023\\\/11\\\/LIV-Logo.svg\",\"contentUrl\":\"https:\\\/\\\/livbyneher.betacenter.net\\\/wp-content\\\/uploads\\\/2023\\\/11\\\/LIV-Logo.svg\",\"width\":57,\"height\":53,\"caption\":\"LIV by Neher\"},\"image\":{\"@id\":\"https:\\\/\\\/livbyneher.betacenter.net\\\/en\\\/#\\\/schema\\\/logo\\\/image\\\/\"}}]}<\/script>\n<!-- \/ Yoast SEO plugin. -->","yoast_head_json":{"title":"Kerze aus Bienenwachs - LIV by Neher","description":"Nat\u00fcrliche Bienenwachskerzen aus 100% reinem Bienenwachs in edlem Elfenbein. Nachhaltig, sauber abbrennend und mit einem warmen, angenehmen Duft.","robots":{"index":"index","follow":"follow","max-snippet":"max-snippet:-1","max-image-preview":"max-image-preview:large","max-video-preview":"max-video-preview:-1"},"canonical":"https:\/\/livbyneher.betacenter.net\/en\/produkt\/kerze-aus-bienenwachs\/","og_locale":"en_US","og_type":"article","og_title":"Kerze aus Bienenwachs - LIV by Neher","og_description":"Nat\u00fcrliche Bienenwachskerzen aus 100% reinem Bienenwachs in edlem Elfenbein. Nachhaltig, sauber abbrennend und mit einem warmen, angenehmen Duft.","og_url":"https:\/\/livbyneher.betacenter.net\/en\/produkt\/kerze-aus-bienenwachs\/","og_site_name":"LIV by Neher","article_modified_time":"2026-04-08T16:01:30+00:00","og_image":[{"width":1020,"height":1020,"url":"https:\/\/livbyneher.betacenter.net\/wp-content\/uploads\/2025\/03\/Liv_Vase_Kerze1.jpg","type":"image\/jpeg"}],"twitter_card":"summary_large_image","twitter_misc":{"Est. reading time":"2 minutes"},"schema":{"@context":"https:\/\/schema.org","@graph":[{"@type":"WebPage","@id":"https:\/\/livbyneher.betacenter.net\/en\/produkt\/kerze-aus-bienenwachs\/","url":"https:\/\/livbyneher.betacenter.net\/en\/produkt\/kerze-aus-bienenwachs\/","name":"Kerze aus Bienenwachs - LIV by Neher","isPartOf":{"@id":"https:\/\/livbyneher.betacenter.net\/en\/#website"},"primaryImageOfPage":{"@id":"https:\/\/livbyneher.betacenter.net\/en\/produkt\/kerze-aus-bienenwachs\/#primaryimage"},"image":{"@id":"https:\/\/livbyneher.betacenter.net\/en\/produkt\/kerze-aus-bienenwachs\/#primaryimage"},"thumbnailUrl":"https:\/\/livbyneher.betacenter.net\/wp-content\/uploads\/2025\/03\/Liv_Vase_Kerze1.jpg","datePublished":"2025-03-24T09:00:33+00:00","dateModified":"2026-04-08T16:01:30+00:00","description":"Nat\u00fcrliche Bienenwachskerzen aus 100% reinem Bienenwachs in edlem Elfenbein. Nachhaltig, sauber abbrennend und mit einem warmen, angenehmen Duft.","breadcrumb":{"@id":"https:\/\/livbyneher.betacenter.net\/en\/produkt\/kerze-aus-bienenwachs\/#breadcrumb"},"inLanguage":"en-US","potentialAction":[{"@type":"ReadAction","target":["https:\/\/livbyneher.betacenter.net\/en\/produkt\/kerze-aus-bienenwachs\/"]}]},{"@type":"ImageObject","inLanguage":"en-US","@id":"https:\/\/livbyneher.betacenter.net\/en\/produkt\/kerze-aus-bienenwachs\/#primaryimage","url":"https:\/\/livbyneher.betacenter.net\/wp-content\/uploads\/2025\/03\/Liv_Vase_Kerze1.jpg","contentUrl":"https:\/\/livbyneher.betacenter.net\/wp-content\/uploads\/2025\/03\/Liv_Vase_Kerze1.jpg","width":1020,"height":1020,"caption":"Blockkerze aus reinem Bienenwachs in der Farbe elfenbein"},{"@type":"BreadcrumbList","@id":"https:\/\/livbyneher.betacenter.net\/en\/produkt\/kerze-aus-bienenwachs\/#breadcrumb","itemListElement":[{"@type":"ListItem","position":1,"name":"Startseite","item":"https:\/\/livbyneher.betacenter.net\/en\/home-page-2\/"},{"@type":"ListItem","position":2,"name":"Shop","item":"https:\/\/livbyneher.betacenter.net\/en\/shop\/"},{"@type":"ListItem","position":3,"name":"Kerze aus Bienenwachs"}]},{"@type":"WebSite","@id":"https:\/\/livbyneher.betacenter.net\/en\/#website","url":"https:\/\/livbyneher.betacenter.net\/en\/","name":"LIV by Neher","description":"Your insect savior. Gentle on insects. Practical for you.","publisher":{"@id":"https:\/\/livbyneher.betacenter.net\/en\/#organization"},"potentialAction":[{"@type":"SearchAction","target":{"@type":"EntryPoint","urlTemplate":"https:\/\/livbyneher.betacenter.net\/en\/?s={search_term_string}"},"query-input":{"@type":"PropertyValueSpecification","valueRequired":true,"valueName":"search_term_string"}}],"inLanguage":"en-US"},{"@type":"Organization","@id":"https:\/\/livbyneher.betacenter.net\/en\/#organization","name":"LIV by Neher","url":"https:\/\/livbyneher.betacenter.net\/en\/","logo":{"@type":"ImageObject","inLanguage":"en-US","@id":"https:\/\/livbyneher.betacenter.net\/en\/#\/schema\/logo\/image\/","url":"https:\/\/livbyneher.betacenter.net\/wp-content\/uploads\/2023\/11\/LIV-Logo.svg","contentUrl":"https:\/\/livbyneher.betacenter.net\/wp-content\/uploads\/2023\/11\/LIV-Logo.svg","width":57,"height":53,"caption":"LIV by Neher"},"image":{"@id":"https:\/\/livbyneher.betacenter.net\/en\/#\/schema\/logo\/image\/"}}]}},"_links":{"self":[{"href":"https:\/\/livbyneher.betacenter.net\/en\/wp-json\/wp\/v2\/product\/3785","targetHints":{"allow":["GET"]}}],"collection":[{"href":"https:\/\/livbyneher.betacenter.net\/en\/wp-json\/wp\/v2\/product"}],"about":[{"href":"https:\/\/livbyneher.betacenter.net\/en\/wp-json\/wp\/v2\/types\/product"}],"replies":[{"embeddable":true,"href":"https:\/\/livbyneher.betacenter.net\/en\/wp-json\/wp\/v2\/comments?post=3785"}],"wp:featuredmedia":[{"embeddable":true,"href":"https:\/\/livbyneher.betacenter.net\/en\/wp-json\/wp\/v2\/media\/3868"}],"wp:attachment":[{"href":"https:\/\/livbyneher.betacenter.net\/en\/wp-json\/wp\/v2\/media?parent=3785"}],"wp:term":[{"taxonomy":"product_brand","embeddable":true,"href":"https:\/\/livbyneher.betacenter.net\/en\/wp-json\/wp\/v2\/product_brand?post=3785"},{"taxonomy":"product_cat","embeddable":true,"href":"https:\/\/livbyneher.betacenter.net\/en\/wp-json\/wp\/v2\/product_cat?post=3785"},{"taxonomy":"product_tag","embeddable":true,"href":"https:\/\/livbyneher.betacenter.net\/en\/wp-json\/wp\/v2\/product_tag?post=3785"}],"curies":[{"name":"wp","href":"https:\/\/api.w.org\/{rel}","templated":true}]}}