{"id":3801,"date":"2025-03-24T10:00:34","date_gmt":"2025-03-24T09:00:34","guid":{"rendered":"https:\/\/livbyneher.betacenter.net\/?post_type=product&#038;p=3801"},"modified":"2025-12-17T21:33:51","modified_gmt":"2025-12-17T20:33:51","slug":"saatgut-kollektion-slowflower-bouquet","status":"publish","type":"product","link":"https:\/\/livbyneher.betacenter.net\/en\/produkt\/saatgut-kollektion-slowflower-bouquet\/","title":{"rendered":"Saatgut-Kollektion \u201eSlowflower Bouquet\u201c"},"content":{"rendered":"[vc_row type=&#8221;in_container&#8221; full_screen_row_position=&#8221;middle&#8221; column_margin=&#8221;default&#8221; equal_height=&#8221;yes&#8221; column_direction=&#8221;default&#8221; column_direction_tablet=&#8221;default&#8221; column_direction_phone=&#8221;default&#8221; scene_position=&#8221;center&#8221; text_color=&#8221;dark&#8221; text_align=&#8221;left&#8221; row_border_radius=&#8221;none&#8221; row_border_radius_applies=&#8221;bg&#8221; overflow=&#8221;visible&#8221; overlay_strength=&#8221;0.3&#8243; gradient_direction=&#8221;left_to_right&#8221; shape_divider_position=&#8221;bottom&#8221; bg_image_animation=&#8221;none&#8221; gradient_type=&#8221;default&#8221; shape_type=&#8221;&#8221;][vc_column right_padding_desktop=&#8221;5%&#8221; column_element_direction_desktop=&#8221;default&#8221; column_element_spacing=&#8221;default&#8221; desktop_text_alignment=&#8221;default&#8221; tablet_text_alignment=&#8221;default&#8221; phone_text_alignment=&#8221;default&#8221; background_color_opacity=&#8221;1&#8243; background_hover_color_opacity=&#8221;1&#8243; background_image=&#8221;3950&#8243; background_image_position=&#8221;center center&#8221; background_image_stacking=&#8221;default&#8221; enable_bg_scale=&#8221;true&#8221; background_image_loading=&#8221;default&#8221; column_backdrop_filter=&#8221;none&#8221; column_shadow=&#8221;none&#8221; column_border_radius=&#8221;none&#8221; column_link_target=&#8221;_self&#8221; column_position=&#8221;default&#8221; gradient_direction=&#8221;left_to_right&#8221; overlay_strength=&#8221;0.3&#8243; width=&#8221;3\/5&#8243; tablet_width_inherit=&#8221;default&#8221; animation_type=&#8221;default&#8221; bg_image_animation=&#8221;none&#8221; border_type=&#8221;simple&#8221; column_border_width=&#8221;none&#8221; column_border_style=&#8221;solid&#8221; column_padding_type=&#8221;advanced&#8221; gradient_type=&#8221;default&#8221; offset=&#8221;vc_hidden-sm vc_hidden-xs&#8221;][divider line_type=&#8221;No Line&#8221; custom_height=&#8221;800&#8243;][\/vc_column][vc_column left_padding_desktop=&#8221;12%&#8221; constrain_group_101=&#8221;yes&#8221; right_padding_desktop=&#8221;12%&#8221; left_padding_tablet=&#8221;5%&#8221; constrain_group_103=&#8221;yes&#8221; right_padding_tablet=&#8221;5%&#8221; column_element_direction_desktop=&#8221;default&#8221; column_element_spacing=&#8221;default&#8221; desktop_text_alignment=&#8221;default&#8221; tablet_text_alignment=&#8221;default&#8221; phone_text_alignment=&#8221;default&#8221; background_color_opacity=&#8221;1&#8243; background_hover_color_opacity=&#8221;1&#8243; column_backdrop_filter=&#8221;none&#8221; column_shadow=&#8221;none&#8221; column_border_radius=&#8221;none&#8221; column_link_target=&#8221;_self&#8221; column_position=&#8221;default&#8221; gradient_direction=&#8221;left_to_right&#8221; overlay_strength=&#8221;0.3&#8243; width=&#8221;2\/5&#8243; tablet_width_inherit=&#8221;default&#8221; animation_type=&#8221;default&#8221; bg_image_animation=&#8221;none&#8221; border_type=&#8221;simple&#8221; column_border_width=&#8221;none&#8221; column_border_style=&#8221;solid&#8221; column_padding_type=&#8221;advanced&#8221; gradient_type=&#8221;default&#8221;][vc_row_inner column_margin=&#8221;default&#8221; column_direction=&#8221;default&#8221; column_direction_tablet=&#8221;default&#8221; column_direction_phone=&#8221;default&#8221; text_align=&#8221;left&#8221; row_position=&#8221;default&#8221; row_position_tablet=&#8221;inherit&#8221; row_position_phone=&#8221;inherit&#8221; overflow=&#8221;visible&#8221; pointer_events=&#8221;all&#8221; el_id=&#8221;produktinformationen&#8221;][vc_column_inner column_padding=&#8221;no-extra-padding&#8221; column_padding_tablet=&#8221;inherit&#8221; column_padding_phone=&#8221;inherit&#8221; column_padding_position=&#8221;all&#8221; column_element_direction_desktop=&#8221;default&#8221; column_element_spacing=&#8221;default&#8221; desktop_text_alignment=&#8221;default&#8221; tablet_text_alignment=&#8221;default&#8221; phone_text_alignment=&#8221;default&#8221; background_color_opacity=&#8221;1&#8243; background_hover_color_opacity=&#8221;1&#8243; column_backdrop_filter=&#8221;none&#8221; column_shadow=&#8221;none&#8221; column_border_radius=&#8221;none&#8221; column_link_target=&#8221;_self&#8221; overflow=&#8221;visible&#8221; gradient_direction=&#8221;left_to_right&#8221; overlay_strength=&#8221;0.3&#8243; width=&#8221;1\/1&#8243; tablet_width_inherit=&#8221;default&#8221; animation_type=&#8221;default&#8221; bg_image_animation=&#8221;none&#8221; border_type=&#8221;simple&#8221; column_border_width=&#8221;none&#8221; column_border_style=&#8221;solid&#8221;][\/vc_column_inner][\/vc_row_inner][vc_column_text text_direction=&#8221;default&#8221;]<strong>Standort<br \/>\n<\/strong>Sonnig bis halbschattig \u2013 perfekt f\u00fcr Schreberg\u00e4rten, Hausg\u00e4rten oder den Balkon.<\/p>\n<p>Ausreichend f\u00fcr mindestens <strong>150<\/strong> Pflanzen.<\/p>\n<p><strong>Giftfrei<\/strong> angebaut &amp; <strong>in Deutschland<\/strong> produziert.[\/vc_column_text][toggles style=&#8221;minimal&#8221; accordion=&#8221;true&#8221; accordion_starting_functionality=&#8221;closed&#8221;][toggle color=&#8221;Default&#8221; heading_tag=&#8221;default&#8221; heading_tag_functionality=&#8221;default&#8221; title=&#8221;Was sind Slowflowers?&#8221;][vc_column_text text_direction=&#8221;default&#8221;]<strong><a href=\"https:\/\/www.slowflower-bewegung.de\/\" target=\"_blank\" rel=\"noopener\">Die Slowflower-Bewegung<\/a><\/strong>\u00a0setzt sich f\u00fcr nachhaltig und regional angebaute Schnittblumen ein \u2013 als Gegenentwurf zu importierten, oft mit Pestiziden behandelten Massenblumen. Sie f\u00f6rdert saisonale, umweltfreundliche Blumen aus lokalem Anbau, unterst\u00fctzt biologische Vielfalt und faire Arbeitsbedingungen. Statt langer Transportwege stehen Frische, nat\u00fcrliche Sch\u00f6nheit und \u00f6kologische Verantwortung im Mittelpunkt. Mit Slowflowers holst du dir nicht nur stilvolle, sondern auch umweltbewusste Blumen in dein Zuhause![\/vc_column_text][vc_column_text][\/vc_column_text][\/toggle][\/toggles][\/vc_column][\/vc_row]\n","protected":false},"excerpt":{"rendered":"<p>Die ideale Saatgut-Kollektion f\u00fcr alle, die stilvolle Blumenstr\u00e4u\u00dfe direkt aus dem eigenen Garten ernten m\u00f6chten! Sorgf\u00e4ltig ausgew\u00e4hlt und von Hand abgef\u00fcllt in der Saatgut-Manufaktur von <a href=\"https:\/\/erna-primula.de\/\" target=\"_blank\" rel=\"noopener\">Erna Primula<\/a>.<\/p>\n<p>Die \u201e<strong>Slowflower Bouquet<\/strong>\u201c-Kollektion enth\u00e4lt acht wundersch\u00f6ne Blumenarten, jeweils einzeln verpackt: <strong>Island-Mohn, Cosmea, Ringelblume, Kalifornischer Mohn, Chinesisches Vergissmeinnicht, Feld-Rittersporn, Jungfer im Gr\u00fcnen<\/strong> und <strong>Duft-Wicke<\/strong>.<\/p>\n<p>Alle Sorten sind perfekt f\u00fcr den Schnitt und die Vase geeignet, lassen sich leicht anbauen, sind samenfest und verstr\u00f6men einen herrlichen Duft.<\/p>\n<p>Eine ausf\u00fchrliche Anbauanleitung ist enthalten \u2013 ideal auch f\u00fcr Einsteiger*innen!<\/p>\n<p>[vc_row type=&#8221;in_container&#8221; full_screen_row_position=&#8221;middle&#8221; column_margin=&#8221;default&#8221; column_direction=&#8221;default&#8221; column_direction_tablet=&#8221;default&#8221; column_direction_phone=&#8221;default&#8221; scene_position=&#8221;center&#8221; text_color=&#8221;dark&#8221; text_align=&#8221;left&#8221; row_border_radius=&#8221;none&#8221; row_border_radius_applies=&#8221;bg&#8221; overflow=&#8221;visible&#8221; overlay_strength=&#8221;0.3&#8243; gradient_direction=&#8221;left_to_right&#8221; shape_divider_position=&#8221;bottom&#8221; bg_image_animation=&#8221;none&#8221;][vc_column column_padding=&#8221;no-extra-padding&#8221; column_padding_tablet=&#8221;inherit&#8221; column_padding_phone=&#8221;inherit&#8221; column_padding_position=&#8221;all&#8221; column_element_direction_desktop=&#8221;default&#8221; column_element_spacing=&#8221;default&#8221; desktop_text_alignment=&#8221;default&#8221; tablet_text_alignment=&#8221;default&#8221; phone_text_alignment=&#8221;default&#8221; background_color_opacity=&#8221;1&#8243; background_hover_color_opacity=&#8221;1&#8243; column_backdrop_filter=&#8221;none&#8221; column_shadow=&#8221;none&#8221; column_border_radius=&#8221;none&#8221; column_link_target=&#8221;_self&#8221; column_position=&#8221;default&#8221; gradient_direction=&#8221;left_to_right&#8221; overlay_strength=&#8221;0.3&#8243; width=&#8221;1\/1&#8243; tablet_width_inherit=&#8221;default&#8221; animation_type=&#8221;default&#8221; bg_image_animation=&#8221;none&#8221; border_type=&#8221;simple&#8221; column_border_width=&#8221;none&#8221; column_border_style=&#8221;solid&#8221;][nectar_global_section id=&#8221;1138&#8243;][\/vc_column][\/vc_row]<\/p>\n","protected":false},"featured_media":3940,"comment_status":"open","ping_status":"closed","template":"","meta":[],"product_brand":[],"product_cat":[96,30],"product_tag":[],"class_list":{"0":"post-3801","1":"product","2":"type-product","3":"status-publish","4":"has-post-thumbnail","6":"product_cat-blumensamen-vasen","7":"product_cat-insektenschutz","9":"first","10":"instock","11":"taxable","12":"shipping-taxable","13":"purchasable","14":"product-type-simple"},"yoast_head":"<!-- This site is optimized with the Yoast SEO plugin v27.5 - https:\/\/yoast.com\/product\/yoast-seo-wordpress\/ -->\n<title>Saatgut-Kollektion \u201eSlowflower Bouquet\u201c - LIV by Neher<\/title>\n<meta name=\"robots\" content=\"index, follow, max-snippet:-1, max-image-preview:large, max-video-preview:-1\" \/>\n<link rel=\"canonical\" href=\"https:\/\/livbyneher.betacenter.net\/en\/produkt\/saatgut-kollektion-slowflower-bouquet\/\" \/>\n<meta property=\"og:locale\" content=\"en_US\" \/>\n<meta property=\"og:type\" content=\"article\" \/>\n<meta property=\"og:title\" content=\"Saatgut-Kollektion \u201eSlowflower Bouquet\u201c - LIV by Neher\" \/>\n<meta property=\"og:description\" content=\"Die ideale Saatgut-Kollektion f\u00fcr alle, die stilvolle Blumenstr\u00e4u\u00dfe direkt aus dem eigenen Garten ernten m\u00f6chten! Sorgf\u00e4ltig ausgew\u00e4hlt und von Hand abgef\u00fcllt in der Saatgut-Manufaktur von Erna Primula.  Die \u201eSlowflower Bouquet\u201c-Kollektion enth\u00e4lt acht wundersch\u00f6ne Blumenarten, jeweils einzeln verpackt: Island-Mohn, Cosmea, Ringelblume, Kalifornischer Mohn, Chinesisches Vergissmeinnicht, Feld-Rittersporn, Jungfer im Gr\u00fcnen und Duft-Wicke.  Alle Sorten sind perfekt f\u00fcr den Schnitt und die Vase geeignet, lassen sich leicht anbauen, sind samenfest und verstr\u00f6men einen herrlichen Duft.  Eine ausf\u00fchrliche Anbauanleitung ist enthalten \u2013 ideal auch f\u00fcr Einsteiger*innen!  [vc_row type=&quot;in_container&quot; full_screen_row_position=&quot;middle&quot; column_margin=&quot;default&quot; column_direction=&quot;default&quot; column_direction_tablet=&quot;default&quot; column_direction_phone=&quot;default&quot; scene_position=&quot;center&quot; text_color=&quot;dark&quot; text_align=&quot;left&quot; row_border_radius=&quot;none&quot; row_border_radius_applies=&quot;bg&quot; overflow=&quot;visible&quot; overlay_strength=&quot;0.3&quot; gradient_direction=&quot;left_to_right&quot; shape_divider_position=&quot;bottom&quot; bg_image_animation=&quot;none&quot;][vc_column column_padding=&quot;no-extra-padding&quot; column_padding_tablet=&quot;inherit&quot; column_padding_phone=&quot;inherit&quot; column_padding_position=&quot;all&quot; column_element_direction_desktop=&quot;default&quot; column_element_spacing=&quot;default&quot; desktop_text_alignment=&quot;default&quot; tablet_text_alignment=&quot;default&quot; phone_text_alignment=&quot;default&quot; background_color_opacity=&quot;1&quot; background_hover_color_opacity=&quot;1&quot; column_backdrop_filter=&quot;none&quot; column_shadow=&quot;none&quot; column_border_radius=&quot;none&quot; column_link_target=&quot;_self&quot; column_position=&quot;default&quot; gradient_direction=&quot;left_to_right&quot; overlay_strength=&quot;0.3&quot; width=&quot;1\/1&quot; tablet_width_inherit=&quot;default&quot; animation_type=&quot;default&quot; bg_image_animation=&quot;none&quot; border_type=&quot;simple&quot; column_border_width=&quot;none&quot; column_border_style=&quot;solid&quot;][nectar_global_section id=&quot;1138&quot;][\/vc_column][\/vc_row]\" \/>\n<meta property=\"og:url\" content=\"https:\/\/livbyneher.betacenter.net\/en\/produkt\/saatgut-kollektion-slowflower-bouquet\/\" \/>\n<meta property=\"og:site_name\" content=\"LIV by Neher\" \/>\n<meta property=\"article:modified_time\" content=\"2025-12-17T20:33:51+00:00\" \/>\n<meta property=\"og:image\" content=\"https:\/\/livbyneher.betacenter.net\/wp-content\/uploads\/2025\/03\/Liv_Saatgut.jpg\" \/>\n\t<meta property=\"og:image:width\" content=\"1020\" \/>\n\t<meta property=\"og:image:height\" content=\"1020\" \/>\n\t<meta property=\"og:image:type\" content=\"image\/jpeg\" \/>\n<meta name=\"twitter:card\" content=\"summary_large_image\" \/>\n<meta name=\"twitter:label1\" content=\"Est. reading time\" \/>\n\t<meta name=\"twitter:data1\" content=\"2 minutes\" \/>\n<script type=\"application\/ld+json\" class=\"yoast-schema-graph\">{\"@context\":\"https:\\\/\\\/schema.org\",\"@graph\":[{\"@type\":\"WebPage\",\"@id\":\"https:\\\/\\\/livbyneher.betacenter.net\\\/en\\\/produkt\\\/saatgut-kollektion-slowflower-bouquet\\\/\",\"url\":\"https:\\\/\\\/livbyneher.betacenter.net\\\/en\\\/produkt\\\/saatgut-kollektion-slowflower-bouquet\\\/\",\"name\":\"Saatgut-Kollektion \u201eSlowflower Bouquet\u201c - LIV by Neher\",\"isPartOf\":{\"@id\":\"https:\\\/\\\/livbyneher.betacenter.net\\\/en\\\/#website\"},\"primaryImageOfPage\":{\"@id\":\"https:\\\/\\\/livbyneher.betacenter.net\\\/en\\\/produkt\\\/saatgut-kollektion-slowflower-bouquet\\\/#primaryimage\"},\"image\":{\"@id\":\"https:\\\/\\\/livbyneher.betacenter.net\\\/en\\\/produkt\\\/saatgut-kollektion-slowflower-bouquet\\\/#primaryimage\"},\"thumbnailUrl\":\"https:\\\/\\\/livbyneher.betacenter.net\\\/wp-content\\\/uploads\\\/2025\\\/03\\\/Liv_Saatgut.jpg\",\"datePublished\":\"2025-03-24T09:00:34+00:00\",\"dateModified\":\"2025-12-17T20:33:51+00:00\",\"breadcrumb\":{\"@id\":\"https:\\\/\\\/livbyneher.betacenter.net\\\/en\\\/produkt\\\/saatgut-kollektion-slowflower-bouquet\\\/#breadcrumb\"},\"inLanguage\":\"en-US\",\"potentialAction\":[{\"@type\":\"ReadAction\",\"target\":[\"https:\\\/\\\/livbyneher.betacenter.net\\\/en\\\/produkt\\\/saatgut-kollektion-slowflower-bouquet\\\/\"]}]},{\"@type\":\"ImageObject\",\"inLanguage\":\"en-US\",\"@id\":\"https:\\\/\\\/livbyneher.betacenter.net\\\/en\\\/produkt\\\/saatgut-kollektion-slowflower-bouquet\\\/#primaryimage\",\"url\":\"https:\\\/\\\/livbyneher.betacenter.net\\\/wp-content\\\/uploads\\\/2025\\\/03\\\/Liv_Saatgut.jpg\",\"contentUrl\":\"https:\\\/\\\/livbyneher.betacenter.net\\\/wp-content\\\/uploads\\\/2025\\\/03\\\/Liv_Saatgut.jpg\",\"width\":1020,\"height\":1020},{\"@type\":\"BreadcrumbList\",\"@id\":\"https:\\\/\\\/livbyneher.betacenter.net\\\/en\\\/produkt\\\/saatgut-kollektion-slowflower-bouquet\\\/#breadcrumb\",\"itemListElement\":[{\"@type\":\"ListItem\",\"position\":1,\"name\":\"Startseite\",\"item\":\"https:\\\/\\\/livbyneher.betacenter.net\\\/en\\\/home-page-2\\\/\"},{\"@type\":\"ListItem\",\"position\":2,\"name\":\"Shop\",\"item\":\"https:\\\/\\\/livbyneher.betacenter.net\\\/en\\\/shop\\\/\"},{\"@type\":\"ListItem\",\"position\":3,\"name\":\"Saatgut-Kollektion \u201eSlowflower Bouquet\u201c\"}]},{\"@type\":\"WebSite\",\"@id\":\"https:\\\/\\\/livbyneher.betacenter.net\\\/en\\\/#website\",\"url\":\"https:\\\/\\\/livbyneher.betacenter.net\\\/en\\\/\",\"name\":\"LIV by Neher\",\"description\":\"Your insect savior. Gentle on insects. Practical for you.\",\"publisher\":{\"@id\":\"https:\\\/\\\/livbyneher.betacenter.net\\\/en\\\/#organization\"},\"potentialAction\":[{\"@type\":\"SearchAction\",\"target\":{\"@type\":\"EntryPoint\",\"urlTemplate\":\"https:\\\/\\\/livbyneher.betacenter.net\\\/en\\\/?s={search_term_string}\"},\"query-input\":{\"@type\":\"PropertyValueSpecification\",\"valueRequired\":true,\"valueName\":\"search_term_string\"}}],\"inLanguage\":\"en-US\"},{\"@type\":\"Organization\",\"@id\":\"https:\\\/\\\/livbyneher.betacenter.net\\\/en\\\/#organization\",\"name\":\"LIV by Neher\",\"url\":\"https:\\\/\\\/livbyneher.betacenter.net\\\/en\\\/\",\"logo\":{\"@type\":\"ImageObject\",\"inLanguage\":\"en-US\",\"@id\":\"https:\\\/\\\/livbyneher.betacenter.net\\\/en\\\/#\\\/schema\\\/logo\\\/image\\\/\",\"url\":\"https:\\\/\\\/livbyneher.betacenter.net\\\/wp-content\\\/uploads\\\/2023\\\/11\\\/LIV-Logo.svg\",\"contentUrl\":\"https:\\\/\\\/livbyneher.betacenter.net\\\/wp-content\\\/uploads\\\/2023\\\/11\\\/LIV-Logo.svg\",\"width\":57,\"height\":53,\"caption\":\"LIV by Neher\"},\"image\":{\"@id\":\"https:\\\/\\\/livbyneher.betacenter.net\\\/en\\\/#\\\/schema\\\/logo\\\/image\\\/\"}}]}<\/script>\n<!-- \/ Yoast SEO plugin. -->","yoast_head_json":{"title":"Saatgut-Kollektion \u201eSlowflower Bouquet\u201c - LIV by Neher","robots":{"index":"index","follow":"follow","max-snippet":"max-snippet:-1","max-image-preview":"max-image-preview:large","max-video-preview":"max-video-preview:-1"},"canonical":"https:\/\/livbyneher.betacenter.net\/en\/produkt\/saatgut-kollektion-slowflower-bouquet\/","og_locale":"en_US","og_type":"article","og_title":"Saatgut-Kollektion \u201eSlowflower Bouquet\u201c - LIV by Neher","og_description":"Die ideale Saatgut-Kollektion f\u00fcr alle, die stilvolle Blumenstr\u00e4u\u00dfe direkt aus dem eigenen Garten ernten m\u00f6chten! Sorgf\u00e4ltig ausgew\u00e4hlt und von Hand abgef\u00fcllt in der Saatgut-Manufaktur von Erna Primula.  Die \u201eSlowflower Bouquet\u201c-Kollektion enth\u00e4lt acht wundersch\u00f6ne Blumenarten, jeweils einzeln verpackt: Island-Mohn, Cosmea, Ringelblume, Kalifornischer Mohn, Chinesisches Vergissmeinnicht, Feld-Rittersporn, Jungfer im Gr\u00fcnen und Duft-Wicke.  Alle Sorten sind perfekt f\u00fcr den Schnitt und die Vase geeignet, lassen sich leicht anbauen, sind samenfest und verstr\u00f6men einen herrlichen Duft.  Eine ausf\u00fchrliche Anbauanleitung ist enthalten \u2013 ideal auch f\u00fcr Einsteiger*innen!  [vc_row type=\"in_container\" full_screen_row_position=\"middle\" column_margin=\"default\" column_direction=\"default\" column_direction_tablet=\"default\" column_direction_phone=\"default\" scene_position=\"center\" text_color=\"dark\" text_align=\"left\" row_border_radius=\"none\" row_border_radius_applies=\"bg\" overflow=\"visible\" overlay_strength=\"0.3\" gradient_direction=\"left_to_right\" shape_divider_position=\"bottom\" bg_image_animation=\"none\"][vc_column column_padding=\"no-extra-padding\" column_padding_tablet=\"inherit\" column_padding_phone=\"inherit\" column_padding_position=\"all\" column_element_direction_desktop=\"default\" column_element_spacing=\"default\" desktop_text_alignment=\"default\" tablet_text_alignment=\"default\" phone_text_alignment=\"default\" background_color_opacity=\"1\" background_hover_color_opacity=\"1\" column_backdrop_filter=\"none\" column_shadow=\"none\" column_border_radius=\"none\" column_link_target=\"_self\" column_position=\"default\" gradient_direction=\"left_to_right\" overlay_strength=\"0.3\" width=\"1\/1\" tablet_width_inherit=\"default\" animation_type=\"default\" bg_image_animation=\"none\" border_type=\"simple\" column_border_width=\"none\" column_border_style=\"solid\"][nectar_global_section id=\"1138\"][\/vc_column][\/vc_row]","og_url":"https:\/\/livbyneher.betacenter.net\/en\/produkt\/saatgut-kollektion-slowflower-bouquet\/","og_site_name":"LIV by Neher","article_modified_time":"2025-12-17T20:33:51+00:00","og_image":[{"width":1020,"height":1020,"url":"https:\/\/livbyneher.betacenter.net\/wp-content\/uploads\/2025\/03\/Liv_Saatgut.jpg","type":"image\/jpeg"}],"twitter_card":"summary_large_image","twitter_misc":{"Est. reading time":"2 minutes"},"schema":{"@context":"https:\/\/schema.org","@graph":[{"@type":"WebPage","@id":"https:\/\/livbyneher.betacenter.net\/en\/produkt\/saatgut-kollektion-slowflower-bouquet\/","url":"https:\/\/livbyneher.betacenter.net\/en\/produkt\/saatgut-kollektion-slowflower-bouquet\/","name":"Saatgut-Kollektion \u201eSlowflower Bouquet\u201c - LIV by Neher","isPartOf":{"@id":"https:\/\/livbyneher.betacenter.net\/en\/#website"},"primaryImageOfPage":{"@id":"https:\/\/livbyneher.betacenter.net\/en\/produkt\/saatgut-kollektion-slowflower-bouquet\/#primaryimage"},"image":{"@id":"https:\/\/livbyneher.betacenter.net\/en\/produkt\/saatgut-kollektion-slowflower-bouquet\/#primaryimage"},"thumbnailUrl":"https:\/\/livbyneher.betacenter.net\/wp-content\/uploads\/2025\/03\/Liv_Saatgut.jpg","datePublished":"2025-03-24T09:00:34+00:00","dateModified":"2025-12-17T20:33:51+00:00","breadcrumb":{"@id":"https:\/\/livbyneher.betacenter.net\/en\/produkt\/saatgut-kollektion-slowflower-bouquet\/#breadcrumb"},"inLanguage":"en-US","potentialAction":[{"@type":"ReadAction","target":["https:\/\/livbyneher.betacenter.net\/en\/produkt\/saatgut-kollektion-slowflower-bouquet\/"]}]},{"@type":"ImageObject","inLanguage":"en-US","@id":"https:\/\/livbyneher.betacenter.net\/en\/produkt\/saatgut-kollektion-slowflower-bouquet\/#primaryimage","url":"https:\/\/livbyneher.betacenter.net\/wp-content\/uploads\/2025\/03\/Liv_Saatgut.jpg","contentUrl":"https:\/\/livbyneher.betacenter.net\/wp-content\/uploads\/2025\/03\/Liv_Saatgut.jpg","width":1020,"height":1020},{"@type":"BreadcrumbList","@id":"https:\/\/livbyneher.betacenter.net\/en\/produkt\/saatgut-kollektion-slowflower-bouquet\/#breadcrumb","itemListElement":[{"@type":"ListItem","position":1,"name":"Startseite","item":"https:\/\/livbyneher.betacenter.net\/en\/home-page-2\/"},{"@type":"ListItem","position":2,"name":"Shop","item":"https:\/\/livbyneher.betacenter.net\/en\/shop\/"},{"@type":"ListItem","position":3,"name":"Saatgut-Kollektion \u201eSlowflower Bouquet\u201c"}]},{"@type":"WebSite","@id":"https:\/\/livbyneher.betacenter.net\/en\/#website","url":"https:\/\/livbyneher.betacenter.net\/en\/","name":"LIV by Neher","description":"Your insect savior. Gentle on insects. Practical for you.","publisher":{"@id":"https:\/\/livbyneher.betacenter.net\/en\/#organization"},"potentialAction":[{"@type":"SearchAction","target":{"@type":"EntryPoint","urlTemplate":"https:\/\/livbyneher.betacenter.net\/en\/?s={search_term_string}"},"query-input":{"@type":"PropertyValueSpecification","valueRequired":true,"valueName":"search_term_string"}}],"inLanguage":"en-US"},{"@type":"Organization","@id":"https:\/\/livbyneher.betacenter.net\/en\/#organization","name":"LIV by Neher","url":"https:\/\/livbyneher.betacenter.net\/en\/","logo":{"@type":"ImageObject","inLanguage":"en-US","@id":"https:\/\/livbyneher.betacenter.net\/en\/#\/schema\/logo\/image\/","url":"https:\/\/livbyneher.betacenter.net\/wp-content\/uploads\/2023\/11\/LIV-Logo.svg","contentUrl":"https:\/\/livbyneher.betacenter.net\/wp-content\/uploads\/2023\/11\/LIV-Logo.svg","width":57,"height":53,"caption":"LIV by Neher"},"image":{"@id":"https:\/\/livbyneher.betacenter.net\/en\/#\/schema\/logo\/image\/"}}]}},"_links":{"self":[{"href":"https:\/\/livbyneher.betacenter.net\/en\/wp-json\/wp\/v2\/product\/3801","targetHints":{"allow":["GET"]}}],"collection":[{"href":"https:\/\/livbyneher.betacenter.net\/en\/wp-json\/wp\/v2\/product"}],"about":[{"href":"https:\/\/livbyneher.betacenter.net\/en\/wp-json\/wp\/v2\/types\/product"}],"replies":[{"embeddable":true,"href":"https:\/\/livbyneher.betacenter.net\/en\/wp-json\/wp\/v2\/comments?post=3801"}],"wp:featuredmedia":[{"embeddable":true,"href":"https:\/\/livbyneher.betacenter.net\/en\/wp-json\/wp\/v2\/media\/3940"}],"wp:attachment":[{"href":"https:\/\/livbyneher.betacenter.net\/en\/wp-json\/wp\/v2\/media?parent=3801"}],"wp:term":[{"taxonomy":"product_brand","embeddable":true,"href":"https:\/\/livbyneher.betacenter.net\/en\/wp-json\/wp\/v2\/product_brand?post=3801"},{"taxonomy":"product_cat","embeddable":true,"href":"https:\/\/livbyneher.betacenter.net\/en\/wp-json\/wp\/v2\/product_cat?post=3801"},{"taxonomy":"product_tag","embeddable":true,"href":"https:\/\/livbyneher.betacenter.net\/en\/wp-json\/wp\/v2\/product_tag?post=3801"}],"curies":[{"name":"wp","href":"https:\/\/api.w.org\/{rel}","templated":true}]}}