{"id":4289,"date":"2025-06-05T09:36:19","date_gmt":"2025-06-05T07:36:19","guid":{"rendered":"https:\/\/livbyneher.betacenter.net\/?post_type=product&#038;p=4289"},"modified":"2026-04-20T07:46:57","modified_gmt":"2026-04-20T05:46:57","slug":"duftkerze-lavender-dusk","status":"publish","type":"product","link":"https:\/\/livbyneher.betacenter.net\/en\/produkt\/duftkerze-lavender-dusk\/","title":{"rendered":"Duftkerze Lavender Dusk"},"content":{"rendered":"[vc_row type=&#8221;in_container&#8221; full_screen_row_position=&#8221;middle&#8221; column_margin=&#8221;none&#8221; equal_height=&#8221;yes&#8221; column_direction=&#8221;default&#8221; column_direction_tablet=&#8221;default&#8221; column_direction_phone=&#8221;default&#8221; scene_position=&#8221;center&#8221; text_color=&#8221;dark&#8221; text_align=&#8221;left&#8221; row_border_radius=&#8221;none&#8221; row_border_radius_applies=&#8221;bg&#8221; overflow=&#8221;visible&#8221; overlay_strength=&#8221;0.3&#8243; gradient_direction=&#8221;left_to_right&#8221; shape_divider_position=&#8221;bottom&#8221; bg_image_animation=&#8221;none&#8221; gradient_type=&#8221;default&#8221; shape_type=&#8221;&#8221;][vc_column right_padding_desktop=&#8221;5%&#8221; column_element_direction_desktop=&#8221;default&#8221; column_element_spacing=&#8221;default&#8221; desktop_text_alignment=&#8221;default&#8221; tablet_text_alignment=&#8221;default&#8221; phone_text_alignment=&#8221;default&#8221; background_color_opacity=&#8221;1&#8243; background_hover_color_opacity=&#8221;1&#8243; background_image=&#8221;4396&#8243; background_image_position=&#8221;center bottom&#8221; background_image_stacking=&#8221;default&#8221; enable_bg_scale=&#8221;true&#8221; background_image_loading=&#8221;default&#8221; column_backdrop_filter=&#8221;none&#8221; column_shadow=&#8221;none&#8221; column_border_radius=&#8221;none&#8221; column_link_target=&#8221;_self&#8221; column_position=&#8221;default&#8221; gradient_direction=&#8221;left_to_right&#8221; overlay_strength=&#8221;0.3&#8243; width=&#8221;3\/5&#8243; tablet_width_inherit=&#8221;default&#8221; animation_type=&#8221;default&#8221; bg_image_animation=&#8221;none&#8221; border_type=&#8221;simple&#8221; column_border_width=&#8221;none&#8221; column_border_style=&#8221;solid&#8221; column_padding_type=&#8221;advanced&#8221; gradient_type=&#8221;default&#8221; offset=&#8221;vc_hidden-sm vc_hidden-xs&#8221;][divider line_type=&#8221;No Line&#8221; custom_height=&#8221;800&#8243;][\/vc_column][vc_column left_padding_desktop=&#8221;12%&#8221; constrain_group_101=&#8221;yes&#8221; right_padding_desktop=&#8221;12%&#8221; left_padding_tablet=&#8221;5%&#8221; constrain_group_103=&#8221;yes&#8221; right_padding_tablet=&#8221;5%&#8221; column_element_direction_desktop=&#8221;default&#8221; column_element_spacing=&#8221;default&#8221; desktop_text_alignment=&#8221;default&#8221; tablet_text_alignment=&#8221;default&#8221; phone_text_alignment=&#8221;default&#8221; background_color_opacity=&#8221;1&#8243; background_hover_color_opacity=&#8221;1&#8243; column_backdrop_filter=&#8221;none&#8221; column_shadow=&#8221;none&#8221; column_border_radius=&#8221;none&#8221; column_link_target=&#8221;_self&#8221; column_position=&#8221;default&#8221; gradient_direction=&#8221;left_to_right&#8221; overlay_strength=&#8221;0.3&#8243; width=&#8221;2\/5&#8243; tablet_width_inherit=&#8221;default&#8221; animation_type=&#8221;default&#8221; bg_image_animation=&#8221;none&#8221; border_type=&#8221;simple&#8221; column_border_width=&#8221;none&#8221; column_border_style=&#8221;solid&#8221; column_padding_type=&#8221;advanced&#8221; gradient_type=&#8221;default&#8221;][vc_column_text text_direction=&#8221;default&#8221;]<strong>Material:<\/strong><br \/>\nnachhaltig produziertes \u00a0Stearin<\/p>\n<p><strong>Ma\u00dfe:<\/strong><br \/>\nDurchmesser: 10,5 cm, H\u00f6he 8 cm, F\u00fcllmenge 380g[\/vc_column_text][toggles style=&#8221;minimal&#8221; accordion=&#8221;true&#8221; accordion_starting_functionality=&#8221;closed&#8221;][toggle color=&#8221;Default&#8221; heading_tag=&#8221;default&#8221; heading_tag_functionality=&#8221;default&#8221; title=&#8221;Deine Auswahl:&#8221;][vc_column_text text_direction=&#8221;default&#8221;]<a href=\"https:\/\/livbyneher.betacenter.net\/produkt\/duftkerze-citronella-sunset\/\">Lemongras<\/a> \u2013 Belebend, frisch und stimmungsaufhellend. Perfekt, um den Kopf freizubekommen und neue Energie zu tanken.<\/p>\n<p>Lavendel \u2013 Sanft, entspannend und harmonisierend. Ideal zum Abschalten nach einem langen Tag.[\/vc_column_text][vc_column_text][\/vc_column_text][\/toggle][toggle color=&#8221;Default&#8221; heading_tag=&#8221;default&#8221; heading_tag_functionality=&#8221;default&#8221; title=&#8221;Alle Vorteile auf einen Blick:&#8221;][vc_column_text text_direction=&#8221;default&#8221;]100 % pflanzliches Stearin \u2013 Nachhaltig, sauber abbrennend und frei von Paraffin.<\/p>\n<p>Langanhaltend \u2013 Mit einer Brenndauer von ca. 36\u201340 Stunden begleitet dich jede Kerze durch viele sch\u00f6ne Stunden.<\/p>\n<p>F\u00fcr drinnen &amp; drau\u00dfen geeignet \u2013 Beide D\u00fcfte wirken auf nat\u00fcrliche Weise m\u00fcckenabweisend \u2013 ganz ohne Chemie.<\/p>\n<p>Schlichtes Design im Braunglas \u2013 Passt zu jedem Wohnstil und ist auch als Geschenk ein echter Hingucker.<\/p>\n<p>Nachhaltig auch nach dem Abbrennen \u2013 Das Braunglas l\u00e4sst sich ganz einfach reinigen und vielseitig wiederverwenden, z.\u202fB. als kleines Vorratsglas, Teelichthalter oder f\u00fcr DIY-Projekte.[\/vc_column_text][vc_column_text][\/vc_column_text][\/toggle][\/toggles][\/vc_column][\/vc_row]\n","protected":false},"excerpt":{"rendered":"<p>Unsere hochwertigen Duftkerzen aus pflanzlichem Stearin gibt es in zwei herrlich nat\u00fcrlichen Duftrichtungen \u2013 erfrischende Zitrone und beruhigender Lavendel. Beide sind in einem schlichten, stilvollen Braunglas gef\u00fcllt und eignen sich ideal f\u00fcr den Innen- und Au\u00dfenbereich.<\/p>\n","protected":false},"featured_media":4388,"comment_status":"open","ping_status":"closed","template":"","meta":[],"product_brand":[],"product_cat":[98,104],"product_tag":[],"class_list":{"0":"post-4289","1":"product","2":"type-product","3":"status-publish","4":"has-post-thumbnail","6":"product_cat-duftkerzen","7":"product_cat-kerzen","9":"first","10":"instock","11":"featured","12":"taxable","13":"shipping-taxable","14":"purchasable","15":"product-type-simple"},"yoast_head":"<!-- This site is optimized with the Yoast SEO plugin v27.5 - https:\/\/yoast.com\/product\/yoast-seo-wordpress\/ -->\n<title>Duftkerze Lavender Dusk - LIV by Neher<\/title>\n<meta name=\"description\" content=\"Hochwertige Lavendel-Duftkerzen online kaufen \u2013 nat\u00fcrliche Aromen, lange Brenndauer &amp; stilvolles Design f\u00fcr entspannte Atmosph\u00e4re in deinem Zuhause.\" \/>\n<meta name=\"robots\" content=\"index, follow, max-snippet:-1, max-image-preview:large, max-video-preview:-1\" \/>\n<link rel=\"canonical\" href=\"https:\/\/livbyneher.betacenter.net\/en\/produkt\/duftkerze-lavender-dusk\/\" \/>\n<meta property=\"og:locale\" content=\"en_US\" \/>\n<meta property=\"og:type\" content=\"article\" \/>\n<meta property=\"og:title\" content=\"Duftkerze Lavender Dusk - LIV by Neher\" \/>\n<meta property=\"og:description\" content=\"Hochwertige Lavendel-Duftkerzen online kaufen \u2013 nat\u00fcrliche Aromen, lange Brenndauer &amp; stilvolles Design f\u00fcr entspannte Atmosph\u00e4re in deinem Zuhause.\" \/>\n<meta property=\"og:url\" content=\"https:\/\/livbyneher.betacenter.net\/en\/produkt\/duftkerze-lavender-dusk\/\" \/>\n<meta property=\"og:site_name\" content=\"LIV by Neher\" \/>\n<meta property=\"article:modified_time\" content=\"2026-04-20T05:46:57+00:00\" \/>\n<meta property=\"og:image\" content=\"https:\/\/livbyneher.betacenter.net\/wp-content\/uploads\/2025\/06\/Duftkerze_Lavendel.jpg\" \/>\n\t<meta property=\"og:image:width\" content=\"1020\" \/>\n\t<meta property=\"og:image:height\" content=\"1020\" \/>\n\t<meta property=\"og:image:type\" content=\"image\/jpeg\" \/>\n<meta name=\"twitter:card\" content=\"summary_large_image\" \/>\n<meta name=\"twitter:label1\" content=\"Est. reading time\" \/>\n\t<meta name=\"twitter:data1\" content=\"2 minutes\" \/>\n<script type=\"application\/ld+json\" class=\"yoast-schema-graph\">{\"@context\":\"https:\\\/\\\/schema.org\",\"@graph\":[{\"@type\":\"WebPage\",\"@id\":\"https:\\\/\\\/livbyneher.betacenter.net\\\/en\\\/produkt\\\/duftkerze-lavender-dusk\\\/\",\"url\":\"https:\\\/\\\/livbyneher.betacenter.net\\\/en\\\/produkt\\\/duftkerze-lavender-dusk\\\/\",\"name\":\"Duftkerze Lavender Dusk - LIV by Neher\",\"isPartOf\":{\"@id\":\"https:\\\/\\\/livbyneher.betacenter.net\\\/en\\\/#website\"},\"primaryImageOfPage\":{\"@id\":\"https:\\\/\\\/livbyneher.betacenter.net\\\/en\\\/produkt\\\/duftkerze-lavender-dusk\\\/#primaryimage\"},\"image\":{\"@id\":\"https:\\\/\\\/livbyneher.betacenter.net\\\/en\\\/produkt\\\/duftkerze-lavender-dusk\\\/#primaryimage\"},\"thumbnailUrl\":\"https:\\\/\\\/livbyneher.betacenter.net\\\/wp-content\\\/uploads\\\/2025\\\/06\\\/Duftkerze_Lavendel.jpg\",\"datePublished\":\"2025-06-05T07:36:19+00:00\",\"dateModified\":\"2026-04-20T05:46:57+00:00\",\"description\":\"Hochwertige Lavendel-Duftkerzen online kaufen \u2013 nat\u00fcrliche Aromen, lange Brenndauer & stilvolles Design f\u00fcr entspannte Atmosph\u00e4re in deinem Zuhause.\",\"breadcrumb\":{\"@id\":\"https:\\\/\\\/livbyneher.betacenter.net\\\/en\\\/produkt\\\/duftkerze-lavender-dusk\\\/#breadcrumb\"},\"inLanguage\":\"en-US\",\"potentialAction\":[{\"@type\":\"ReadAction\",\"target\":[\"https:\\\/\\\/livbyneher.betacenter.net\\\/en\\\/produkt\\\/duftkerze-lavender-dusk\\\/\"]}]},{\"@type\":\"ImageObject\",\"inLanguage\":\"en-US\",\"@id\":\"https:\\\/\\\/livbyneher.betacenter.net\\\/en\\\/produkt\\\/duftkerze-lavender-dusk\\\/#primaryimage\",\"url\":\"https:\\\/\\\/livbyneher.betacenter.net\\\/wp-content\\\/uploads\\\/2025\\\/06\\\/Duftkerze_Lavendel.jpg\",\"contentUrl\":\"https:\\\/\\\/livbyneher.betacenter.net\\\/wp-content\\\/uploads\\\/2025\\\/06\\\/Duftkerze_Lavendel.jpg\",\"width\":1020,\"height\":1020},{\"@type\":\"BreadcrumbList\",\"@id\":\"https:\\\/\\\/livbyneher.betacenter.net\\\/en\\\/produkt\\\/duftkerze-lavender-dusk\\\/#breadcrumb\",\"itemListElement\":[{\"@type\":\"ListItem\",\"position\":1,\"name\":\"Startseite\",\"item\":\"https:\\\/\\\/livbyneher.betacenter.net\\\/en\\\/home-page-2\\\/\"},{\"@type\":\"ListItem\",\"position\":2,\"name\":\"Shop\",\"item\":\"https:\\\/\\\/livbyneher.betacenter.net\\\/en\\\/shop\\\/\"},{\"@type\":\"ListItem\",\"position\":3,\"name\":\"Duftkerze Lavender Dusk\"}]},{\"@type\":\"WebSite\",\"@id\":\"https:\\\/\\\/livbyneher.betacenter.net\\\/en\\\/#website\",\"url\":\"https:\\\/\\\/livbyneher.betacenter.net\\\/en\\\/\",\"name\":\"LIV by Neher\",\"description\":\"Your insect savior. Gentle on insects. Practical for you.\",\"publisher\":{\"@id\":\"https:\\\/\\\/livbyneher.betacenter.net\\\/en\\\/#organization\"},\"potentialAction\":[{\"@type\":\"SearchAction\",\"target\":{\"@type\":\"EntryPoint\",\"urlTemplate\":\"https:\\\/\\\/livbyneher.betacenter.net\\\/en\\\/?s={search_term_string}\"},\"query-input\":{\"@type\":\"PropertyValueSpecification\",\"valueRequired\":true,\"valueName\":\"search_term_string\"}}],\"inLanguage\":\"en-US\"},{\"@type\":\"Organization\",\"@id\":\"https:\\\/\\\/livbyneher.betacenter.net\\\/en\\\/#organization\",\"name\":\"LIV by Neher\",\"url\":\"https:\\\/\\\/livbyneher.betacenter.net\\\/en\\\/\",\"logo\":{\"@type\":\"ImageObject\",\"inLanguage\":\"en-US\",\"@id\":\"https:\\\/\\\/livbyneher.betacenter.net\\\/en\\\/#\\\/schema\\\/logo\\\/image\\\/\",\"url\":\"https:\\\/\\\/livbyneher.betacenter.net\\\/wp-content\\\/uploads\\\/2023\\\/11\\\/LIV-Logo.svg\",\"contentUrl\":\"https:\\\/\\\/livbyneher.betacenter.net\\\/wp-content\\\/uploads\\\/2023\\\/11\\\/LIV-Logo.svg\",\"width\":57,\"height\":53,\"caption\":\"LIV by Neher\"},\"image\":{\"@id\":\"https:\\\/\\\/livbyneher.betacenter.net\\\/en\\\/#\\\/schema\\\/logo\\\/image\\\/\"}}]}<\/script>\n<!-- \/ Yoast SEO plugin. -->","yoast_head_json":{"title":"Duftkerze Lavender Dusk - LIV by Neher","description":"Hochwertige Lavendel-Duftkerzen online kaufen \u2013 nat\u00fcrliche Aromen, lange Brenndauer & stilvolles Design f\u00fcr entspannte Atmosph\u00e4re in deinem Zuhause.","robots":{"index":"index","follow":"follow","max-snippet":"max-snippet:-1","max-image-preview":"max-image-preview:large","max-video-preview":"max-video-preview:-1"},"canonical":"https:\/\/livbyneher.betacenter.net\/en\/produkt\/duftkerze-lavender-dusk\/","og_locale":"en_US","og_type":"article","og_title":"Duftkerze Lavender Dusk - LIV by Neher","og_description":"Hochwertige Lavendel-Duftkerzen online kaufen \u2013 nat\u00fcrliche Aromen, lange Brenndauer & stilvolles Design f\u00fcr entspannte Atmosph\u00e4re in deinem Zuhause.","og_url":"https:\/\/livbyneher.betacenter.net\/en\/produkt\/duftkerze-lavender-dusk\/","og_site_name":"LIV by Neher","article_modified_time":"2026-04-20T05:46:57+00:00","og_image":[{"width":1020,"height":1020,"url":"https:\/\/livbyneher.betacenter.net\/wp-content\/uploads\/2025\/06\/Duftkerze_Lavendel.jpg","type":"image\/jpeg"}],"twitter_card":"summary_large_image","twitter_misc":{"Est. reading time":"2 minutes"},"schema":{"@context":"https:\/\/schema.org","@graph":[{"@type":"WebPage","@id":"https:\/\/livbyneher.betacenter.net\/en\/produkt\/duftkerze-lavender-dusk\/","url":"https:\/\/livbyneher.betacenter.net\/en\/produkt\/duftkerze-lavender-dusk\/","name":"Duftkerze Lavender Dusk - LIV by Neher","isPartOf":{"@id":"https:\/\/livbyneher.betacenter.net\/en\/#website"},"primaryImageOfPage":{"@id":"https:\/\/livbyneher.betacenter.net\/en\/produkt\/duftkerze-lavender-dusk\/#primaryimage"},"image":{"@id":"https:\/\/livbyneher.betacenter.net\/en\/produkt\/duftkerze-lavender-dusk\/#primaryimage"},"thumbnailUrl":"https:\/\/livbyneher.betacenter.net\/wp-content\/uploads\/2025\/06\/Duftkerze_Lavendel.jpg","datePublished":"2025-06-05T07:36:19+00:00","dateModified":"2026-04-20T05:46:57+00:00","description":"Hochwertige Lavendel-Duftkerzen online kaufen \u2013 nat\u00fcrliche Aromen, lange Brenndauer & stilvolles Design f\u00fcr entspannte Atmosph\u00e4re in deinem Zuhause.","breadcrumb":{"@id":"https:\/\/livbyneher.betacenter.net\/en\/produkt\/duftkerze-lavender-dusk\/#breadcrumb"},"inLanguage":"en-US","potentialAction":[{"@type":"ReadAction","target":["https:\/\/livbyneher.betacenter.net\/en\/produkt\/duftkerze-lavender-dusk\/"]}]},{"@type":"ImageObject","inLanguage":"en-US","@id":"https:\/\/livbyneher.betacenter.net\/en\/produkt\/duftkerze-lavender-dusk\/#primaryimage","url":"https:\/\/livbyneher.betacenter.net\/wp-content\/uploads\/2025\/06\/Duftkerze_Lavendel.jpg","contentUrl":"https:\/\/livbyneher.betacenter.net\/wp-content\/uploads\/2025\/06\/Duftkerze_Lavendel.jpg","width":1020,"height":1020},{"@type":"BreadcrumbList","@id":"https:\/\/livbyneher.betacenter.net\/en\/produkt\/duftkerze-lavender-dusk\/#breadcrumb","itemListElement":[{"@type":"ListItem","position":1,"name":"Startseite","item":"https:\/\/livbyneher.betacenter.net\/en\/home-page-2\/"},{"@type":"ListItem","position":2,"name":"Shop","item":"https:\/\/livbyneher.betacenter.net\/en\/shop\/"},{"@type":"ListItem","position":3,"name":"Duftkerze Lavender Dusk"}]},{"@type":"WebSite","@id":"https:\/\/livbyneher.betacenter.net\/en\/#website","url":"https:\/\/livbyneher.betacenter.net\/en\/","name":"LIV by Neher","description":"Your insect savior. Gentle on insects. Practical for you.","publisher":{"@id":"https:\/\/livbyneher.betacenter.net\/en\/#organization"},"potentialAction":[{"@type":"SearchAction","target":{"@type":"EntryPoint","urlTemplate":"https:\/\/livbyneher.betacenter.net\/en\/?s={search_term_string}"},"query-input":{"@type":"PropertyValueSpecification","valueRequired":true,"valueName":"search_term_string"}}],"inLanguage":"en-US"},{"@type":"Organization","@id":"https:\/\/livbyneher.betacenter.net\/en\/#organization","name":"LIV by Neher","url":"https:\/\/livbyneher.betacenter.net\/en\/","logo":{"@type":"ImageObject","inLanguage":"en-US","@id":"https:\/\/livbyneher.betacenter.net\/en\/#\/schema\/logo\/image\/","url":"https:\/\/livbyneher.betacenter.net\/wp-content\/uploads\/2023\/11\/LIV-Logo.svg","contentUrl":"https:\/\/livbyneher.betacenter.net\/wp-content\/uploads\/2023\/11\/LIV-Logo.svg","width":57,"height":53,"caption":"LIV by Neher"},"image":{"@id":"https:\/\/livbyneher.betacenter.net\/en\/#\/schema\/logo\/image\/"}}]}},"_links":{"self":[{"href":"https:\/\/livbyneher.betacenter.net\/en\/wp-json\/wp\/v2\/product\/4289","targetHints":{"allow":["GET"]}}],"collection":[{"href":"https:\/\/livbyneher.betacenter.net\/en\/wp-json\/wp\/v2\/product"}],"about":[{"href":"https:\/\/livbyneher.betacenter.net\/en\/wp-json\/wp\/v2\/types\/product"}],"replies":[{"embeddable":true,"href":"https:\/\/livbyneher.betacenter.net\/en\/wp-json\/wp\/v2\/comments?post=4289"}],"wp:featuredmedia":[{"embeddable":true,"href":"https:\/\/livbyneher.betacenter.net\/en\/wp-json\/wp\/v2\/media\/4388"}],"wp:attachment":[{"href":"https:\/\/livbyneher.betacenter.net\/en\/wp-json\/wp\/v2\/media?parent=4289"}],"wp:term":[{"taxonomy":"product_brand","embeddable":true,"href":"https:\/\/livbyneher.betacenter.net\/en\/wp-json\/wp\/v2\/product_brand?post=4289"},{"taxonomy":"product_cat","embeddable":true,"href":"https:\/\/livbyneher.betacenter.net\/en\/wp-json\/wp\/v2\/product_cat?post=4289"},{"taxonomy":"product_tag","embeddable":true,"href":"https:\/\/livbyneher.betacenter.net\/en\/wp-json\/wp\/v2\/product_tag?post=4289"}],"curies":[{"name":"wp","href":"https:\/\/api.w.org\/{rel}","templated":true}]}}