{"id":5447,"date":"2025-12-08T14:20:53","date_gmt":"2025-12-08T13:20:53","guid":{"rendered":"https:\/\/livbyneher.betacenter.net\/?post_type=product&#038;p=5447"},"modified":"2026-04-17T08:35:53","modified_gmt":"2026-04-17T06:35:53","slug":"handgefertigter-kerzenhalter-aus-keramik","status":"publish","type":"product","link":"https:\/\/livbyneher.betacenter.net\/en\/produkt\/handgefertigter-kerzenhalter-aus-keramik\/","title":{"rendered":"Handgefertigter Kerzenhalter aus Keramik"},"content":{"rendered":"[vc_row type=&#8221;in_container&#8221; full_screen_row_position=&#8221;middle&#8221; column_margin=&#8221;none&#8221; equal_height=&#8221;yes&#8221; column_direction=&#8221;default&#8221; column_direction_tablet=&#8221;default&#8221; column_direction_phone=&#8221;default&#8221; scene_position=&#8221;center&#8221; text_color=&#8221;dark&#8221; text_align=&#8221;left&#8221; row_border_radius=&#8221;none&#8221; row_border_radius_applies=&#8221;bg&#8221; overflow=&#8221;visible&#8221; overlay_strength=&#8221;0.3&#8243; gradient_direction=&#8221;left_to_right&#8221; shape_divider_position=&#8221;bottom&#8221; bg_image_animation=&#8221;none&#8221; gradient_type=&#8221;default&#8221; shape_type=&#8221;&#8221;][vc_column right_padding_desktop=&#8221;5%&#8221; column_element_direction_desktop=&#8221;default&#8221; column_element_spacing=&#8221;default&#8221; desktop_text_alignment=&#8221;default&#8221; tablet_text_alignment=&#8221;default&#8221; phone_text_alignment=&#8221;default&#8221; background_color_opacity=&#8221;1&#8243; background_hover_color_opacity=&#8221;1&#8243; column_backdrop_filter=&#8221;none&#8221; column_shadow=&#8221;none&#8221; column_border_radius=&#8221;none&#8221; column_link_target=&#8221;_self&#8221; column_position=&#8221;default&#8221; gradient_direction=&#8221;left_to_right&#8221; overlay_strength=&#8221;0.3&#8243; width=&#8221;3\/5&#8243; tablet_width_inherit=&#8221;default&#8221; animation_type=&#8221;default&#8221; bg_image_animation=&#8221;none&#8221; border_type=&#8221;simple&#8221; column_border_width=&#8221;none&#8221; column_border_style=&#8221;solid&#8221; column_padding_type=&#8221;advanced&#8221; gradient_type=&#8221;default&#8221; offset=&#8221;vc_hidden-sm vc_hidden-xs&#8221;][divider line_type=&#8221;No Line&#8221; custom_height=&#8221;800&#8243;][\/vc_column][vc_column left_padding_desktop=&#8221;12%&#8221; constrain_group_101=&#8221;yes&#8221; right_padding_desktop=&#8221;12%&#8221; left_padding_tablet=&#8221;5%&#8221; constrain_group_103=&#8221;yes&#8221; right_padding_tablet=&#8221;5%&#8221; column_element_direction_desktop=&#8221;default&#8221; column_element_spacing=&#8221;default&#8221; desktop_text_alignment=&#8221;default&#8221; tablet_text_alignment=&#8221;default&#8221; phone_text_alignment=&#8221;default&#8221; background_color_opacity=&#8221;1&#8243; background_hover_color_opacity=&#8221;1&#8243; column_backdrop_filter=&#8221;none&#8221; column_shadow=&#8221;none&#8221; column_border_radius=&#8221;none&#8221; column_link_target=&#8221;_self&#8221; column_position=&#8221;default&#8221; gradient_direction=&#8221;left_to_right&#8221; overlay_strength=&#8221;0.3&#8243; width=&#8221;2\/5&#8243; tablet_width_inherit=&#8221;default&#8221; animation_type=&#8221;default&#8221; bg_image_animation=&#8221;none&#8221; border_type=&#8221;simple&#8221; column_border_width=&#8221;none&#8221; column_border_style=&#8221;solid&#8221; column_padding_type=&#8221;advanced&#8221; gradient_type=&#8221;default&#8221;][vc_row_inner column_margin=&#8221;default&#8221; column_direction=&#8221;default&#8221; column_direction_tablet=&#8221;default&#8221; column_direction_phone=&#8221;default&#8221; text_align=&#8221;left&#8221; row_position=&#8221;default&#8221; row_position_tablet=&#8221;inherit&#8221; row_position_phone=&#8221;inherit&#8221; overflow=&#8221;visible&#8221; pointer_events=&#8221;all&#8221; el_id=&#8221;produktinformationen&#8221;][vc_column_inner column_padding=&#8221;no-extra-padding&#8221; column_padding_tablet=&#8221;inherit&#8221; column_padding_phone=&#8221;inherit&#8221; column_padding_position=&#8221;all&#8221; column_element_direction_desktop=&#8221;default&#8221; column_element_spacing=&#8221;default&#8221; desktop_text_alignment=&#8221;default&#8221; tablet_text_alignment=&#8221;default&#8221; phone_text_alignment=&#8221;default&#8221; background_color_opacity=&#8221;1&#8243; background_hover_color_opacity=&#8221;1&#8243; column_backdrop_filter=&#8221;none&#8221; column_shadow=&#8221;none&#8221; column_border_radius=&#8221;none&#8221; column_link_target=&#8221;_self&#8221; overflow=&#8221;visible&#8221; gradient_direction=&#8221;left_to_right&#8221; overlay_strength=&#8221;0.3&#8243; width=&#8221;1\/1&#8243; tablet_width_inherit=&#8221;default&#8221; animation_type=&#8221;default&#8221; bg_image_animation=&#8221;none&#8221; border_type=&#8221;simple&#8221; column_border_width=&#8221;none&#8221; column_border_style=&#8221;solid&#8221;][\/vc_column_inner][\/vc_row_inner][vc_column_text text_direction=&#8221;default&#8221;]<strong>Material<\/strong><br \/>\nHelle Keramik mit wei\u00df matter Glasur<\/p>\n<p><strong>Ma\u00dfe<\/strong><br \/>\nDurchmesser ca. 10 cm<\/p>\n<p><strong>Besonderheiten: <\/strong>Handgefertigt in meinem Hamburger Atelier, wasserdicht und sp\u00fclmaschinengeeignet<\/p>\n<p>Dieser Kerzenhalter ist die ideale Wahl f\u00fcr alle, die hochwertige Keramik und nachhaltige Produkte sch\u00e4tzen. Perfekt geeignet als Geschenk oder zur Erg\u00e4nzung deines Wohnstils \u2013 entdecke die Sch\u00f6nheit <strong><a href=\"https:\/\/livbyneher.betacenter.net\/produkt-kategorie\/keramik\/\">handgemachter Keramik<\/a><\/strong>![\/vc_column_text][\/vc_column][\/vc_row]\n","protected":false},"excerpt":{"rendered":"<p>Dieser Kerzenhalter f\u00fcr Stumpenkerzen ist ein echtes Highlight f\u00fcr dein Zuhause. Gefertigt aus heller Keramik mit zarten Sprenkeln und \u00fcberzogen mit einer matten, wei\u00dfen Glasur, bringt er nat\u00fcrliche Eleganz und W\u00e4rme in jeden Raum. Mit einem Durchmesser von ca. 10 cm bietet er die perfekte Basis, um deine Kerzen stilvoll in Szene zu setzen.<\/p>\n<p>Besonders sch\u00f6n harmoniert der Kerzenhalter mit unseren <a href=\"https:\/\/livbyneher.betacenter.net\/produkt\/kerze-aus-bienenwachs\/\">Bienenwachskerzen gro\u00df<\/a> und <a href=\"https:\/\/livbyneher.betacenter.net\/produkt\/kerze-aus-bienenwachs\/\">Bienenwachskerzen klein<\/a>. Gemeinsam schaffen sie eine gem\u00fctliche und nat\u00fcrliche Atmosph\u00e4re \u2013 ideal f\u00fcr entspannte Abende oder besondere Momente.<\/p>\n<p>Der Kerzenhalter wurde bei 1.250 Grad gebrannt, wodurch er wasserdicht und sp\u00fclmaschinengeeignet ist. Kleine Unregelm\u00e4\u00dfigkeiten in Glasur und Form machen jedes St\u00fcck zu einem Unikat und erz\u00e4hlen die Geschichte echter Handarbeit.<\/p>\n<p>[vc_row type=&#8221;in_container&#8221; full_screen_row_position=&#8221;middle&#8221; column_margin=&#8221;default&#8221; column_direction=&#8221;default&#8221; column_direction_tablet=&#8221;default&#8221; column_direction_phone=&#8221;default&#8221; scene_position=&#8221;center&#8221; text_color=&#8221;dark&#8221; text_align=&#8221;left&#8221; row_border_radius=&#8221;none&#8221; row_border_radius_applies=&#8221;bg&#8221; overflow=&#8221;visible&#8221; overlay_strength=&#8221;0.3&#8243; gradient_direction=&#8221;left_to_right&#8221; shape_divider_position=&#8221;bottom&#8221; bg_image_animation=&#8221;none&#8221;][vc_column column_padding=&#8221;no-extra-padding&#8221; column_padding_tablet=&#8221;inherit&#8221; column_padding_phone=&#8221;inherit&#8221; column_padding_position=&#8221;all&#8221; column_element_direction_desktop=&#8221;default&#8221; column_element_spacing=&#8221;default&#8221; desktop_text_alignment=&#8221;default&#8221; tablet_text_alignment=&#8221;default&#8221; phone_text_alignment=&#8221;default&#8221; background_color_opacity=&#8221;1&#8243; background_hover_color_opacity=&#8221;1&#8243; column_backdrop_filter=&#8221;none&#8221; column_shadow=&#8221;none&#8221; column_border_radius=&#8221;none&#8221; column_link_target=&#8221;_self&#8221; column_position=&#8221;default&#8221; gradient_direction=&#8221;left_to_right&#8221; overlay_strength=&#8221;0.3&#8243; width=&#8221;1\/1&#8243; tablet_width_inherit=&#8221;default&#8221; animation_type=&#8221;default&#8221; bg_image_animation=&#8221;none&#8221; border_type=&#8221;simple&#8221; column_border_width=&#8221;none&#8221; column_border_style=&#8221;solid&#8221;][nectar_global_section id=&#8221;1138&#8243;][\/vc_column][\/vc_row]<\/p>\n","protected":false},"featured_media":5938,"comment_status":"open","ping_status":"closed","template":"","meta":[],"product_brand":[],"product_cat":[95,103],"product_tag":[],"class_list":{"0":"post-5447","1":"product","2":"type-product","3":"status-publish","4":"has-post-thumbnail","6":"product_cat-bienenwachskerzen-kerzenhalter","7":"product_cat-keramik","9":"first","10":"instock","11":"taxable","12":"shipping-taxable","13":"purchasable","14":"product-type-simple"},"yoast_head":"<!-- This site is optimized with the Yoast SEO plugin v27.5 - https:\/\/yoast.com\/product\/yoast-seo-wordpress\/ -->\n<title>Handgefertigter Kerzenhalter aus Keramik - LIV by Neher<\/title>\n<meta name=\"description\" content=\"Dieser Kerzenhalter ist die ideale Wahl f\u00fcr alle, die hochwertige Keramik und nachhaltige Produkte sch\u00e4tzen. Auch perfekt geeignet als Geschenk.\" \/>\n<meta name=\"robots\" content=\"index, follow, max-snippet:-1, max-image-preview:large, max-video-preview:-1\" \/>\n<link rel=\"canonical\" href=\"https:\/\/livbyneher.betacenter.net\/en\/produkt\/handgefertigter-kerzenhalter-aus-keramik\/\" \/>\n<meta property=\"og:locale\" content=\"en_US\" \/>\n<meta property=\"og:type\" content=\"article\" \/>\n<meta property=\"og:title\" content=\"Handgefertigter Kerzenhalter aus Keramik - LIV by Neher\" \/>\n<meta property=\"og:description\" content=\"Dieser Kerzenhalter ist die ideale Wahl f\u00fcr alle, die hochwertige Keramik und nachhaltige Produkte sch\u00e4tzen. Auch perfekt geeignet als Geschenk.\" \/>\n<meta property=\"og:url\" content=\"https:\/\/livbyneher.betacenter.net\/en\/produkt\/handgefertigter-kerzenhalter-aus-keramik\/\" \/>\n<meta property=\"og:site_name\" content=\"LIV by Neher\" \/>\n<meta property=\"article:modified_time\" content=\"2026-04-17T06:35:53+00:00\" \/>\n<meta property=\"og:image\" content=\"https:\/\/livbyneher.betacenter.net\/wp-content\/uploads\/2025\/12\/Keramikstaender_Stumpenkerzen_gross.jpg\" \/>\n\t<meta property=\"og:image:width\" content=\"1020\" \/>\n\t<meta property=\"og:image:height\" content=\"1020\" \/>\n\t<meta property=\"og:image:type\" content=\"image\/jpeg\" \/>\n<meta name=\"twitter:card\" content=\"summary_large_image\" \/>\n<meta name=\"twitter:label1\" content=\"Est. reading time\" \/>\n\t<meta name=\"twitter:data1\" content=\"2 minutes\" \/>\n<script type=\"application\/ld+json\" class=\"yoast-schema-graph\">{\"@context\":\"https:\\\/\\\/schema.org\",\"@graph\":[{\"@type\":\"WebPage\",\"@id\":\"https:\\\/\\\/livbyneher.betacenter.net\\\/en\\\/produkt\\\/handgefertigter-kerzenhalter-aus-keramik\\\/\",\"url\":\"https:\\\/\\\/livbyneher.betacenter.net\\\/en\\\/produkt\\\/handgefertigter-kerzenhalter-aus-keramik\\\/\",\"name\":\"Handgefertigter Kerzenhalter aus Keramik - LIV by Neher\",\"isPartOf\":{\"@id\":\"https:\\\/\\\/livbyneher.betacenter.net\\\/en\\\/#website\"},\"primaryImageOfPage\":{\"@id\":\"https:\\\/\\\/livbyneher.betacenter.net\\\/en\\\/produkt\\\/handgefertigter-kerzenhalter-aus-keramik\\\/#primaryimage\"},\"image\":{\"@id\":\"https:\\\/\\\/livbyneher.betacenter.net\\\/en\\\/produkt\\\/handgefertigter-kerzenhalter-aus-keramik\\\/#primaryimage\"},\"thumbnailUrl\":\"https:\\\/\\\/livbyneher.betacenter.net\\\/wp-content\\\/uploads\\\/2025\\\/12\\\/Keramikstaender_Stumpenkerzen_gross.jpg\",\"datePublished\":\"2025-12-08T13:20:53+00:00\",\"dateModified\":\"2026-04-17T06:35:53+00:00\",\"description\":\"Dieser Kerzenhalter ist die ideale Wahl f\u00fcr alle, die hochwertige Keramik und nachhaltige Produkte sch\u00e4tzen. Auch perfekt geeignet als Geschenk.\",\"breadcrumb\":{\"@id\":\"https:\\\/\\\/livbyneher.betacenter.net\\\/en\\\/produkt\\\/handgefertigter-kerzenhalter-aus-keramik\\\/#breadcrumb\"},\"inLanguage\":\"en-US\",\"potentialAction\":[{\"@type\":\"ReadAction\",\"target\":[\"https:\\\/\\\/livbyneher.betacenter.net\\\/en\\\/produkt\\\/handgefertigter-kerzenhalter-aus-keramik\\\/\"]}]},{\"@type\":\"ImageObject\",\"inLanguage\":\"en-US\",\"@id\":\"https:\\\/\\\/livbyneher.betacenter.net\\\/en\\\/produkt\\\/handgefertigter-kerzenhalter-aus-keramik\\\/#primaryimage\",\"url\":\"https:\\\/\\\/livbyneher.betacenter.net\\\/wp-content\\\/uploads\\\/2025\\\/12\\\/Keramikstaender_Stumpenkerzen_gross.jpg\",\"contentUrl\":\"https:\\\/\\\/livbyneher.betacenter.net\\\/wp-content\\\/uploads\\\/2025\\\/12\\\/Keramikstaender_Stumpenkerzen_gross.jpg\",\"width\":1020,\"height\":1020,\"caption\":\"Schlichter Kerzenhalter aus Keramik handgefertigt in Deutschland\"},{\"@type\":\"BreadcrumbList\",\"@id\":\"https:\\\/\\\/livbyneher.betacenter.net\\\/en\\\/produkt\\\/handgefertigter-kerzenhalter-aus-keramik\\\/#breadcrumb\",\"itemListElement\":[{\"@type\":\"ListItem\",\"position\":1,\"name\":\"Startseite\",\"item\":\"https:\\\/\\\/livbyneher.betacenter.net\\\/en\\\/home-page-2\\\/\"},{\"@type\":\"ListItem\",\"position\":2,\"name\":\"Shop\",\"item\":\"https:\\\/\\\/livbyneher.betacenter.net\\\/en\\\/shop\\\/\"},{\"@type\":\"ListItem\",\"position\":3,\"name\":\"Handgefertigter Kerzenhalter aus Keramik\"}]},{\"@type\":\"WebSite\",\"@id\":\"https:\\\/\\\/livbyneher.betacenter.net\\\/en\\\/#website\",\"url\":\"https:\\\/\\\/livbyneher.betacenter.net\\\/en\\\/\",\"name\":\"LIV by Neher\",\"description\":\"Your insect savior. Gentle on insects. Practical for you.\",\"publisher\":{\"@id\":\"https:\\\/\\\/livbyneher.betacenter.net\\\/en\\\/#organization\"},\"potentialAction\":[{\"@type\":\"SearchAction\",\"target\":{\"@type\":\"EntryPoint\",\"urlTemplate\":\"https:\\\/\\\/livbyneher.betacenter.net\\\/en\\\/?s={search_term_string}\"},\"query-input\":{\"@type\":\"PropertyValueSpecification\",\"valueRequired\":true,\"valueName\":\"search_term_string\"}}],\"inLanguage\":\"en-US\"},{\"@type\":\"Organization\",\"@id\":\"https:\\\/\\\/livbyneher.betacenter.net\\\/en\\\/#organization\",\"name\":\"LIV by Neher\",\"url\":\"https:\\\/\\\/livbyneher.betacenter.net\\\/en\\\/\",\"logo\":{\"@type\":\"ImageObject\",\"inLanguage\":\"en-US\",\"@id\":\"https:\\\/\\\/livbyneher.betacenter.net\\\/en\\\/#\\\/schema\\\/logo\\\/image\\\/\",\"url\":\"https:\\\/\\\/livbyneher.betacenter.net\\\/wp-content\\\/uploads\\\/2023\\\/11\\\/LIV-Logo.svg\",\"contentUrl\":\"https:\\\/\\\/livbyneher.betacenter.net\\\/wp-content\\\/uploads\\\/2023\\\/11\\\/LIV-Logo.svg\",\"width\":57,\"height\":53,\"caption\":\"LIV by Neher\"},\"image\":{\"@id\":\"https:\\\/\\\/livbyneher.betacenter.net\\\/en\\\/#\\\/schema\\\/logo\\\/image\\\/\"}}]}<\/script>\n<!-- \/ Yoast SEO plugin. -->","yoast_head_json":{"title":"Handgefertigter Kerzenhalter aus Keramik - LIV by Neher","description":"Dieser Kerzenhalter ist die ideale Wahl f\u00fcr alle, die hochwertige Keramik und nachhaltige Produkte sch\u00e4tzen. Auch perfekt geeignet als Geschenk.","robots":{"index":"index","follow":"follow","max-snippet":"max-snippet:-1","max-image-preview":"max-image-preview:large","max-video-preview":"max-video-preview:-1"},"canonical":"https:\/\/livbyneher.betacenter.net\/en\/produkt\/handgefertigter-kerzenhalter-aus-keramik\/","og_locale":"en_US","og_type":"article","og_title":"Handgefertigter Kerzenhalter aus Keramik - LIV by Neher","og_description":"Dieser Kerzenhalter ist die ideale Wahl f\u00fcr alle, die hochwertige Keramik und nachhaltige Produkte sch\u00e4tzen. Auch perfekt geeignet als Geschenk.","og_url":"https:\/\/livbyneher.betacenter.net\/en\/produkt\/handgefertigter-kerzenhalter-aus-keramik\/","og_site_name":"LIV by Neher","article_modified_time":"2026-04-17T06:35:53+00:00","og_image":[{"width":1020,"height":1020,"url":"https:\/\/livbyneher.betacenter.net\/wp-content\/uploads\/2025\/12\/Keramikstaender_Stumpenkerzen_gross.jpg","type":"image\/jpeg"}],"twitter_card":"summary_large_image","twitter_misc":{"Est. reading time":"2 minutes"},"schema":{"@context":"https:\/\/schema.org","@graph":[{"@type":"WebPage","@id":"https:\/\/livbyneher.betacenter.net\/en\/produkt\/handgefertigter-kerzenhalter-aus-keramik\/","url":"https:\/\/livbyneher.betacenter.net\/en\/produkt\/handgefertigter-kerzenhalter-aus-keramik\/","name":"Handgefertigter Kerzenhalter aus Keramik - LIV by Neher","isPartOf":{"@id":"https:\/\/livbyneher.betacenter.net\/en\/#website"},"primaryImageOfPage":{"@id":"https:\/\/livbyneher.betacenter.net\/en\/produkt\/handgefertigter-kerzenhalter-aus-keramik\/#primaryimage"},"image":{"@id":"https:\/\/livbyneher.betacenter.net\/en\/produkt\/handgefertigter-kerzenhalter-aus-keramik\/#primaryimage"},"thumbnailUrl":"https:\/\/livbyneher.betacenter.net\/wp-content\/uploads\/2025\/12\/Keramikstaender_Stumpenkerzen_gross.jpg","datePublished":"2025-12-08T13:20:53+00:00","dateModified":"2026-04-17T06:35:53+00:00","description":"Dieser Kerzenhalter ist die ideale Wahl f\u00fcr alle, die hochwertige Keramik und nachhaltige Produkte sch\u00e4tzen. Auch perfekt geeignet als Geschenk.","breadcrumb":{"@id":"https:\/\/livbyneher.betacenter.net\/en\/produkt\/handgefertigter-kerzenhalter-aus-keramik\/#breadcrumb"},"inLanguage":"en-US","potentialAction":[{"@type":"ReadAction","target":["https:\/\/livbyneher.betacenter.net\/en\/produkt\/handgefertigter-kerzenhalter-aus-keramik\/"]}]},{"@type":"ImageObject","inLanguage":"en-US","@id":"https:\/\/livbyneher.betacenter.net\/en\/produkt\/handgefertigter-kerzenhalter-aus-keramik\/#primaryimage","url":"https:\/\/livbyneher.betacenter.net\/wp-content\/uploads\/2025\/12\/Keramikstaender_Stumpenkerzen_gross.jpg","contentUrl":"https:\/\/livbyneher.betacenter.net\/wp-content\/uploads\/2025\/12\/Keramikstaender_Stumpenkerzen_gross.jpg","width":1020,"height":1020,"caption":"Schlichter Kerzenhalter aus Keramik handgefertigt in Deutschland"},{"@type":"BreadcrumbList","@id":"https:\/\/livbyneher.betacenter.net\/en\/produkt\/handgefertigter-kerzenhalter-aus-keramik\/#breadcrumb","itemListElement":[{"@type":"ListItem","position":1,"name":"Startseite","item":"https:\/\/livbyneher.betacenter.net\/en\/home-page-2\/"},{"@type":"ListItem","position":2,"name":"Shop","item":"https:\/\/livbyneher.betacenter.net\/en\/shop\/"},{"@type":"ListItem","position":3,"name":"Handgefertigter Kerzenhalter aus Keramik"}]},{"@type":"WebSite","@id":"https:\/\/livbyneher.betacenter.net\/en\/#website","url":"https:\/\/livbyneher.betacenter.net\/en\/","name":"LIV by Neher","description":"Your insect savior. Gentle on insects. Practical for you.","publisher":{"@id":"https:\/\/livbyneher.betacenter.net\/en\/#organization"},"potentialAction":[{"@type":"SearchAction","target":{"@type":"EntryPoint","urlTemplate":"https:\/\/livbyneher.betacenter.net\/en\/?s={search_term_string}"},"query-input":{"@type":"PropertyValueSpecification","valueRequired":true,"valueName":"search_term_string"}}],"inLanguage":"en-US"},{"@type":"Organization","@id":"https:\/\/livbyneher.betacenter.net\/en\/#organization","name":"LIV by Neher","url":"https:\/\/livbyneher.betacenter.net\/en\/","logo":{"@type":"ImageObject","inLanguage":"en-US","@id":"https:\/\/livbyneher.betacenter.net\/en\/#\/schema\/logo\/image\/","url":"https:\/\/livbyneher.betacenter.net\/wp-content\/uploads\/2023\/11\/LIV-Logo.svg","contentUrl":"https:\/\/livbyneher.betacenter.net\/wp-content\/uploads\/2023\/11\/LIV-Logo.svg","width":57,"height":53,"caption":"LIV by Neher"},"image":{"@id":"https:\/\/livbyneher.betacenter.net\/en\/#\/schema\/logo\/image\/"}}]}},"_links":{"self":[{"href":"https:\/\/livbyneher.betacenter.net\/en\/wp-json\/wp\/v2\/product\/5447","targetHints":{"allow":["GET"]}}],"collection":[{"href":"https:\/\/livbyneher.betacenter.net\/en\/wp-json\/wp\/v2\/product"}],"about":[{"href":"https:\/\/livbyneher.betacenter.net\/en\/wp-json\/wp\/v2\/types\/product"}],"replies":[{"embeddable":true,"href":"https:\/\/livbyneher.betacenter.net\/en\/wp-json\/wp\/v2\/comments?post=5447"}],"wp:featuredmedia":[{"embeddable":true,"href":"https:\/\/livbyneher.betacenter.net\/en\/wp-json\/wp\/v2\/media\/5938"}],"wp:attachment":[{"href":"https:\/\/livbyneher.betacenter.net\/en\/wp-json\/wp\/v2\/media?parent=5447"}],"wp:term":[{"taxonomy":"product_brand","embeddable":true,"href":"https:\/\/livbyneher.betacenter.net\/en\/wp-json\/wp\/v2\/product_brand?post=5447"},{"taxonomy":"product_cat","embeddable":true,"href":"https:\/\/livbyneher.betacenter.net\/en\/wp-json\/wp\/v2\/product_cat?post=5447"},{"taxonomy":"product_tag","embeddable":true,"href":"https:\/\/livbyneher.betacenter.net\/en\/wp-json\/wp\/v2\/product_tag?post=5447"}],"curies":[{"name":"wp","href":"https:\/\/api.w.org\/{rel}","templated":true}]}}